{"id":241,"date":"2025-09-03T16:01:51","date_gmt":"2025-09-03T13:01:51","guid":{"rendered":"https:\/\/www.doganaymould.com\/anasayfa\/"},"modified":"2026-01-06T13:55:42","modified_gmt":"2026-01-06T10:55:42","slug":"anasayfa","status":"publish","type":"page","link":"https:\/\/www.doganaymould.com\/tr\/","title":{"rendered":"Anasayfa"},"content":{"rendered":"","protected":false},"excerpt":{"rendered":"","protected":false},"author":1,"featured_media":0,"parent":0,"menu_order":0,"comment_status":"closed","ping_status":"closed","template":"index-page.php","meta":{"_acf_changed":false,"inline_featured_image":false,"footnotes":""},"class_list":["post-241","page","type-page","status-publish","hentry"],"acf":[],"yoast_head":"<!-- This site is optimized with the Yoast SEO plugin v26.6 - https:\/\/yoast.com\/wordpress\/plugins\/seo\/ -->\n<title>Y\u00fcksek Hassasiyetli Termoform \u00c7\u00f6z\u00fcmleri | Do\u011fanay Mould<\/title>\n<meta name=\"description\" content=\"\u0130stanbul merkezli Doganay Mould; tek kullan\u0131ml\u0131k g\u0131da ambalaj\u0131 i\u00e7in termoform kal\u0131p ve \u00e7\u00f6z\u00fcmler \u00fcretir. IMC, 3\/4 istasyon kal\u0131plar; 35+ \u00fclkeye ihracat.\" \/>\n<meta name=\"robots\" content=\"index, follow, max-snippet:-1, max-image-preview:large, max-video-preview:-1\" \/>\n<link rel=\"canonical\" href=\"https:\/\/www.doganaymould.com\/tr\/\" \/>\n<meta property=\"og:locale\" content=\"tr_TR\" \/>\n<meta property=\"og:type\" content=\"article\" \/>\n<meta property=\"og:title\" content=\"Y\u00fcksek Hassasiyetli Termoform \u00c7\u00f6z\u00fcmleri | Do\u011fanay Mould\" \/>\n<meta property=\"og:description\" content=\"\u0130stanbul merkezli Doganay Mould; tek kullan\u0131ml\u0131k g\u0131da ambalaj\u0131 i\u00e7in termoform kal\u0131p ve \u00e7\u00f6z\u00fcmler \u00fcretir. IMC, 3\/4 istasyon kal\u0131plar; 35+ \u00fclkeye ihracat.\" \/>\n<meta property=\"og:url\" content=\"https:\/\/www.doganaymould.com\/tr\/\" \/>\n<meta property=\"og:site_name\" content=\"Doganay Mould\" \/>\n<meta property=\"article:modified_time\" content=\"2026-01-06T10:55:42+00:00\" \/>\n<meta name=\"twitter:card\" content=\"summary_large_image\" \/>\n<script type=\"application\/ld+json\" class=\"yoast-schema-graph\">{\"@context\":\"https:\/\/schema.org\",\"@graph\":[{\"@type\":\"WebPage\",\"@id\":\"https:\/\/www.doganaymould.com\/tr\/\",\"url\":\"https:\/\/www.doganaymould.com\/tr\/\",\"name\":\"Y\u00fcksek Hassasiyetli Termoform \u00c7\u00f6z\u00fcmleri | Do\u011fanay Mould\",\"isPartOf\":{\"@id\":\"https:\/\/www.doganaymould.com\/tr\/#website\"},\"datePublished\":\"2025-09-03T13:01:51+00:00\",\"dateModified\":\"2026-01-06T10:55:42+00:00\",\"description\":\"\u0130stanbul merkezli Doganay Mould; tek kullan\u0131ml\u0131k g\u0131da ambalaj\u0131 i\u00e7in termoform kal\u0131p ve \u00e7\u00f6z\u00fcmler \u00fcretir. IMC, 3\/4 istasyon kal\u0131plar; 35+ \u00fclkeye ihracat.\",\"breadcrumb\":{\"@id\":\"https:\/\/www.doganaymould.com\/tr\/#breadcrumb\"},\"inLanguage\":\"tr\",\"potentialAction\":[{\"@type\":\"ReadAction\",\"target\":[\"https:\/\/www.doganaymould.com\/tr\/\"]}]},{\"@type\":\"BreadcrumbList\",\"@id\":\"https:\/\/www.doganaymould.com\/tr\/#breadcrumb\",\"itemListElement\":[{\"@type\":\"ListItem\",\"position\":1,\"name\":\"Home\",\"item\":\"https:\/\/www.doganaymould.com\/tr\/\"},{\"@type\":\"ListItem\",\"position\":2,\"name\":\"Anasayfa\"}]},{\"@type\":\"WebSite\",\"@id\":\"https:\/\/www.doganaymould.com\/tr\/#website\",\"url\":\"https:\/\/www.doganaymould.com\/tr\/\",\"name\":\"Doganay Mould\",\"description\":\"\",\"potentialAction\":[{\"@type\":\"SearchAction\",\"target\":{\"@type\":\"EntryPoint\",\"urlTemplate\":\"https:\/\/www.doganaymould.com\/tr\/?s={search_term_string}\"},\"query-input\":{\"@type\":\"PropertyValueSpecification\",\"valueRequired\":true,\"valueName\":\"search_term_string\"}}],\"inLanguage\":\"tr\"}]}<\/script>\n<!-- \/ Yoast SEO plugin. -->","yoast_head_json":{"title":"Y\u00fcksek Hassasiyetli Termoform \u00c7\u00f6z\u00fcmleri | Do\u011fanay Mould","description":"\u0130stanbul merkezli Doganay Mould; tek kullan\u0131ml\u0131k g\u0131da ambalaj\u0131 i\u00e7in termoform kal\u0131p ve \u00e7\u00f6z\u00fcmler \u00fcretir. IMC, 3\/4 istasyon kal\u0131plar; 35+ \u00fclkeye ihracat.","robots":{"index":"index","follow":"follow","max-snippet":"max-snippet:-1","max-image-preview":"max-image-preview:large","max-video-preview":"max-video-preview:-1"},"canonical":"https:\/\/www.doganaymould.com\/tr\/","og_locale":"tr_TR","og_type":"article","og_title":"Y\u00fcksek Hassasiyetli Termoform \u00c7\u00f6z\u00fcmleri | Do\u011fanay Mould","og_description":"\u0130stanbul merkezli Doganay Mould; tek kullan\u0131ml\u0131k g\u0131da ambalaj\u0131 i\u00e7in termoform kal\u0131p ve \u00e7\u00f6z\u00fcmler \u00fcretir. IMC, 3\/4 istasyon kal\u0131plar; 35+ \u00fclkeye ihracat.","og_url":"https:\/\/www.doganaymould.com\/tr\/","og_site_name":"Doganay Mould","article_modified_time":"2026-01-06T10:55:42+00:00","twitter_card":"summary_large_image","schema":{"@context":"https:\/\/schema.org","@graph":[{"@type":"WebPage","@id":"https:\/\/www.doganaymould.com\/tr\/","url":"https:\/\/www.doganaymould.com\/tr\/","name":"Y\u00fcksek Hassasiyetli Termoform \u00c7\u00f6z\u00fcmleri | Do\u011fanay Mould","isPartOf":{"@id":"https:\/\/www.doganaymould.com\/tr\/#website"},"datePublished":"2025-09-03T13:01:51+00:00","dateModified":"2026-01-06T10:55:42+00:00","description":"\u0130stanbul merkezli Doganay Mould; tek kullan\u0131ml\u0131k g\u0131da ambalaj\u0131 i\u00e7in termoform kal\u0131p ve \u00e7\u00f6z\u00fcmler \u00fcretir. IMC, 3\/4 istasyon kal\u0131plar; 35+ \u00fclkeye ihracat.","breadcrumb":{"@id":"https:\/\/www.doganaymould.com\/tr\/#breadcrumb"},"inLanguage":"tr","potentialAction":[{"@type":"ReadAction","target":["https:\/\/www.doganaymould.com\/tr\/"]}]},{"@type":"BreadcrumbList","@id":"https:\/\/www.doganaymould.com\/tr\/#breadcrumb","itemListElement":[{"@type":"ListItem","position":1,"name":"Home","item":"https:\/\/www.doganaymould.com\/tr\/"},{"@type":"ListItem","position":2,"name":"Anasayfa"}]},{"@type":"WebSite","@id":"https:\/\/www.doganaymould.com\/tr\/#website","url":"https:\/\/www.doganaymould.com\/tr\/","name":"Doganay Mould","description":"","potentialAction":[{"@type":"SearchAction","target":{"@type":"EntryPoint","urlTemplate":"https:\/\/www.doganaymould.com\/tr\/?s={search_term_string}"},"query-input":{"@type":"PropertyValueSpecification","valueRequired":true,"valueName":"search_term_string"}}],"inLanguage":"tr"}]}},"_links":{"self":[{"href":"https:\/\/www.doganaymould.com\/tr\/wp-json\/wp\/v2\/pages\/241","targetHints":{"allow":["GET"]}}],"collection":[{"href":"https:\/\/www.doganaymould.com\/tr\/wp-json\/wp\/v2\/pages"}],"about":[{"href":"https:\/\/www.doganaymould.com\/tr\/wp-json\/wp\/v2\/types\/page"}],"author":[{"embeddable":true,"href":"https:\/\/www.doganaymould.com\/tr\/wp-json\/wp\/v2\/users\/1"}],"replies":[{"embeddable":true,"href":"https:\/\/www.doganaymould.com\/tr\/wp-json\/wp\/v2\/comments?post=241"}],"version-history":[{"count":10,"href":"https:\/\/www.doganaymould.com\/tr\/wp-json\/wp\/v2\/pages\/241\/revisions"}],"predecessor-version":[{"id":379,"href":"https:\/\/www.doganaymould.com\/tr\/wp-json\/wp\/v2\/pages\/241\/revisions\/379"}],"wp:attachment":[{"href":"https:\/\/www.doganaymould.com\/tr\/wp-json\/wp\/v2\/media?parent=241"}],"curies":[{"name":"wp","href":"https:\/\/api.w.org\/{rel}","templated":true}]}}