{"id":257,"date":"2025-09-11T16:15:35","date_gmt":"2025-09-11T13:15:35","guid":{"rendered":"https:\/\/www.doganaymould.com\/about-us\/"},"modified":"2026-01-05T18:30:38","modified_gmt":"2026-01-05T15:30:38","slug":"about-us","status":"publish","type":"page","link":"https:\/\/www.doganaymould.com\/tr\/hakkimizda\/","title":{"rendered":"Hakk\u0131m\u0131zda"},"content":{"rendered":"<p>Doganay Mould, termoform \u00e7\u00f6z\u00fcmleri konusunda uzmanla\u015farak tek kullan\u0131ml\u0131k plastik g\u0131da ambalaj sekt\u00f6r\u00fcnde se\u00e7kin bir yer edinmi\u015ftir. \u0130stanbul merkezli \u015firket, yetenekli m\u00fchendislerden olu\u015fan bir ekibin son derece verimli kal\u0131p tasar\u0131mlar\u0131 olu\u015fturdu\u011fu son teknoloji bir tesis i\u015fletmektedir. Geni\u015f makine yelpazesi ve deneyimli uzmanlar\u0131yla tan\u0131nan Doganay Mould, ola\u011fan\u00fcst\u00fc hizmet ve hassasiyet sunar. \u015eirket, IMC, 3 istasyonlu ve 4 istasyonlu kal\u0131plar konusunda derin bir uzmanl\u0131\u011fa sahip olup, d\u00fcnya \u00e7ap\u0131ndaki termoform makineleriyle tam uyumluluk sa\u011flar. Ba\u015flang\u0131\u00e7ta yerel pazara odaklanan Doganay Mould, 35&#8217;ten fazla \u00fclkeye ihracat yapan uluslararas\u0131 bir kurulu\u015fa d\u00f6n\u00fc\u015fm\u00fc\u015ft\u00fcr. K\u00fcresel \u00e7apta tan\u0131nmay\u0131 hedefleyen \u015firket, ekipman ve i\u015f g\u00fcc\u00fcn\u00fc s\u00fcrekli olarak geli\u015ftirmektedir. Temel ilkesi tek bir sorudur:<\/p>\n<p><strong>&#8220;M\u00fc\u015fterilerimizin daha verimli \u00fcretim elde etmelerine yard\u0131mc\u0131 olmak i\u00e7in nas\u0131l inovasyon yapabiliriz?&#8221;<\/strong><\/p>\n","protected":false},"excerpt":{"rendered":"<p>Doganay Mould, termoform \u00e7\u00f6z\u00fcmleri konusunda uzmanla\u015farak tek&#8230;<\/p>\n","protected":false},"author":1,"featured_media":244,"parent":0,"menu_order":0,"comment_status":"closed","ping_status":"closed","template":"page-about.php","meta":{"_acf_changed":false,"inline_featured_image":false,"footnotes":""},"class_list":["post-257","page","type-page","status-publish","has-post-thumbnail","hentry"],"acf":[],"yoast_head":"<!-- This site is optimized with the Yoast SEO plugin v26.6 - https:\/\/yoast.com\/wordpress\/plugins\/seo\/ -->\n<title>Hakk\u0131m\u0131zda - Doganay Mould<\/title>\n<meta name=\"description\" content=\"Doganay Mould; termoform kal\u0131p ve \u00e7\u00f6z\u00fcmlerinde uzman, ileri m\u00fchendislik ve inovasyon odakl\u0131 bir \u00fcreticidir. IMC, 3\/4 istasyon kal\u0131plarla 35+ \u00fclkeye ihracat.\" \/>\n<meta name=\"robots\" content=\"index, follow, max-snippet:-1, max-image-preview:large, max-video-preview:-1\" \/>\n<link rel=\"canonical\" href=\"https:\/\/www.doganaymould.com\/tr\/hakkimizda\/\" \/>\n<meta property=\"og:locale\" content=\"tr_TR\" \/>\n<meta property=\"og:type\" content=\"article\" \/>\n<meta property=\"og:title\" content=\"Hakk\u0131m\u0131zda - Doganay Mould\" \/>\n<meta property=\"og:description\" content=\"Doganay Mould; termoform kal\u0131p ve \u00e7\u00f6z\u00fcmlerinde uzman, ileri m\u00fchendislik ve inovasyon odakl\u0131 bir \u00fcreticidir. IMC, 3\/4 istasyon kal\u0131plarla 35+ \u00fclkeye ihracat.\" \/>\n<meta property=\"og:url\" content=\"https:\/\/www.doganaymould.com\/tr\/hakkimizda\/\" \/>\n<meta property=\"og:site_name\" content=\"Doganay Mould\" \/>\n<meta property=\"article:modified_time\" content=\"2026-01-05T15:30:38+00:00\" \/>\n<meta property=\"og:image\" content=\"https:\/\/www.doganaymould.com\/wp-content\/uploads\/2025\/09\/1-3.jpg\" \/>\n\t<meta property=\"og:image:width\" content=\"960\" \/>\n\t<meta property=\"og:image:height\" content=\"1080\" \/>\n\t<meta property=\"og:image:type\" content=\"image\/jpeg\" \/>\n<meta name=\"twitter:card\" content=\"summary_large_image\" \/>\n<meta name=\"twitter:label1\" content=\"Tahmini okuma s\u00fcresi\" \/>\n\t<meta name=\"twitter:data1\" content=\"1 dakika\" \/>\n<script type=\"application\/ld+json\" class=\"yoast-schema-graph\">{\"@context\":\"https:\/\/schema.org\",\"@graph\":[{\"@type\":\"WebPage\",\"@id\":\"https:\/\/www.doganaymould.com\/tr\/hakkimizda\/\",\"url\":\"https:\/\/www.doganaymould.com\/tr\/hakkimizda\/\",\"name\":\"Hakk\u0131m\u0131zda - Doganay Mould\",\"isPartOf\":{\"@id\":\"https:\/\/www.doganaymould.com\/tr\/#website\"},\"primaryImageOfPage\":{\"@id\":\"https:\/\/www.doganaymould.com\/tr\/hakkimizda\/#primaryimage\"},\"image\":{\"@id\":\"https:\/\/www.doganaymould.com\/tr\/hakkimizda\/#primaryimage\"},\"thumbnailUrl\":\"https:\/\/www.doganaymould.com\/wp-content\/uploads\/2025\/09\/1-3.jpg\",\"datePublished\":\"2025-09-11T13:15:35+00:00\",\"dateModified\":\"2026-01-05T15:30:38+00:00\",\"description\":\"Doganay Mould; termoform kal\u0131p ve \u00e7\u00f6z\u00fcmlerinde uzman, ileri m\u00fchendislik ve inovasyon odakl\u0131 bir \u00fcreticidir. IMC, 3\/4 istasyon kal\u0131plarla 35+ \u00fclkeye ihracat.\",\"breadcrumb\":{\"@id\":\"https:\/\/www.doganaymould.com\/tr\/hakkimizda\/#breadcrumb\"},\"inLanguage\":\"tr\",\"potentialAction\":[{\"@type\":\"ReadAction\",\"target\":[\"https:\/\/www.doganaymould.com\/tr\/hakkimizda\/\"]}]},{\"@type\":\"ImageObject\",\"inLanguage\":\"tr\",\"@id\":\"https:\/\/www.doganaymould.com\/tr\/hakkimizda\/#primaryimage\",\"url\":\"https:\/\/www.doganaymould.com\/wp-content\/uploads\/2025\/09\/1-3.jpg\",\"contentUrl\":\"https:\/\/www.doganaymould.com\/wp-content\/uploads\/2025\/09\/1-3.jpg\",\"width\":960,\"height\":1080},{\"@type\":\"BreadcrumbList\",\"@id\":\"https:\/\/www.doganaymould.com\/tr\/hakkimizda\/#breadcrumb\",\"itemListElement\":[{\"@type\":\"ListItem\",\"position\":1,\"name\":\"Home\",\"item\":\"https:\/\/www.doganaymould.com\/tr\/\"},{\"@type\":\"ListItem\",\"position\":2,\"name\":\"Hakk\u0131m\u0131zda\"}]},{\"@type\":\"WebSite\",\"@id\":\"https:\/\/www.doganaymould.com\/tr\/#website\",\"url\":\"https:\/\/www.doganaymould.com\/tr\/\",\"name\":\"Doganay Mould\",\"description\":\"\",\"potentialAction\":[{\"@type\":\"SearchAction\",\"target\":{\"@type\":\"EntryPoint\",\"urlTemplate\":\"https:\/\/www.doganaymould.com\/tr\/?s={search_term_string}\"},\"query-input\":{\"@type\":\"PropertyValueSpecification\",\"valueRequired\":true,\"valueName\":\"search_term_string\"}}],\"inLanguage\":\"tr\"}]}<\/script>\n<!-- \/ Yoast SEO plugin. -->","yoast_head_json":{"title":"Hakk\u0131m\u0131zda - Doganay Mould","description":"Doganay Mould; termoform kal\u0131p ve \u00e7\u00f6z\u00fcmlerinde uzman, ileri m\u00fchendislik ve inovasyon odakl\u0131 bir \u00fcreticidir. IMC, 3\/4 istasyon kal\u0131plarla 35+ \u00fclkeye ihracat.","robots":{"index":"index","follow":"follow","max-snippet":"max-snippet:-1","max-image-preview":"max-image-preview:large","max-video-preview":"max-video-preview:-1"},"canonical":"https:\/\/www.doganaymould.com\/tr\/hakkimizda\/","og_locale":"tr_TR","og_type":"article","og_title":"Hakk\u0131m\u0131zda - Doganay Mould","og_description":"Doganay Mould; termoform kal\u0131p ve \u00e7\u00f6z\u00fcmlerinde uzman, ileri m\u00fchendislik ve inovasyon odakl\u0131 bir \u00fcreticidir. IMC, 3\/4 istasyon kal\u0131plarla 35+ \u00fclkeye ihracat.","og_url":"https:\/\/www.doganaymould.com\/tr\/hakkimizda\/","og_site_name":"Doganay Mould","article_modified_time":"2026-01-05T15:30:38+00:00","og_image":[{"width":960,"height":1080,"url":"https:\/\/www.doganaymould.com\/wp-content\/uploads\/2025\/09\/1-3.jpg","type":"image\/jpeg"}],"twitter_card":"summary_large_image","twitter_misc":{"Tahmini okuma s\u00fcresi":"1 dakika"},"schema":{"@context":"https:\/\/schema.org","@graph":[{"@type":"WebPage","@id":"https:\/\/www.doganaymould.com\/tr\/hakkimizda\/","url":"https:\/\/www.doganaymould.com\/tr\/hakkimizda\/","name":"Hakk\u0131m\u0131zda - Doganay Mould","isPartOf":{"@id":"https:\/\/www.doganaymould.com\/tr\/#website"},"primaryImageOfPage":{"@id":"https:\/\/www.doganaymould.com\/tr\/hakkimizda\/#primaryimage"},"image":{"@id":"https:\/\/www.doganaymould.com\/tr\/hakkimizda\/#primaryimage"},"thumbnailUrl":"https:\/\/www.doganaymould.com\/wp-content\/uploads\/2025\/09\/1-3.jpg","datePublished":"2025-09-11T13:15:35+00:00","dateModified":"2026-01-05T15:30:38+00:00","description":"Doganay Mould; termoform kal\u0131p ve \u00e7\u00f6z\u00fcmlerinde uzman, ileri m\u00fchendislik ve inovasyon odakl\u0131 bir \u00fcreticidir. IMC, 3\/4 istasyon kal\u0131plarla 35+ \u00fclkeye ihracat.","breadcrumb":{"@id":"https:\/\/www.doganaymould.com\/tr\/hakkimizda\/#breadcrumb"},"inLanguage":"tr","potentialAction":[{"@type":"ReadAction","target":["https:\/\/www.doganaymould.com\/tr\/hakkimizda\/"]}]},{"@type":"ImageObject","inLanguage":"tr","@id":"https:\/\/www.doganaymould.com\/tr\/hakkimizda\/#primaryimage","url":"https:\/\/www.doganaymould.com\/wp-content\/uploads\/2025\/09\/1-3.jpg","contentUrl":"https:\/\/www.doganaymould.com\/wp-content\/uploads\/2025\/09\/1-3.jpg","width":960,"height":1080},{"@type":"BreadcrumbList","@id":"https:\/\/www.doganaymould.com\/tr\/hakkimizda\/#breadcrumb","itemListElement":[{"@type":"ListItem","position":1,"name":"Home","item":"https:\/\/www.doganaymould.com\/tr\/"},{"@type":"ListItem","position":2,"name":"Hakk\u0131m\u0131zda"}]},{"@type":"WebSite","@id":"https:\/\/www.doganaymould.com\/tr\/#website","url":"https:\/\/www.doganaymould.com\/tr\/","name":"Doganay Mould","description":"","potentialAction":[{"@type":"SearchAction","target":{"@type":"EntryPoint","urlTemplate":"https:\/\/www.doganaymould.com\/tr\/?s={search_term_string}"},"query-input":{"@type":"PropertyValueSpecification","valueRequired":true,"valueName":"search_term_string"}}],"inLanguage":"tr"}]}},"_links":{"self":[{"href":"https:\/\/www.doganaymould.com\/tr\/wp-json\/wp\/v2\/pages\/257","targetHints":{"allow":["GET"]}}],"collection":[{"href":"https:\/\/www.doganaymould.com\/tr\/wp-json\/wp\/v2\/pages"}],"about":[{"href":"https:\/\/www.doganaymould.com\/tr\/wp-json\/wp\/v2\/types\/page"}],"author":[{"embeddable":true,"href":"https:\/\/www.doganaymould.com\/tr\/wp-json\/wp\/v2\/users\/1"}],"replies":[{"embeddable":true,"href":"https:\/\/www.doganaymould.com\/tr\/wp-json\/wp\/v2\/comments?post=257"}],"version-history":[{"count":3,"href":"https:\/\/www.doganaymould.com\/tr\/wp-json\/wp\/v2\/pages\/257\/revisions"}],"predecessor-version":[{"id":355,"href":"https:\/\/www.doganaymould.com\/tr\/wp-json\/wp\/v2\/pages\/257\/revisions\/355"}],"wp:featuredmedia":[{"embeddable":true,"href":"https:\/\/www.doganaymould.com\/tr\/wp-json\/wp\/v2\/media\/244"}],"wp:attachment":[{"href":"https:\/\/www.doganaymould.com\/tr\/wp-json\/wp\/v2\/media?parent=257"}],"curies":[{"name":"wp","href":"https:\/\/api.w.org\/{rel}","templated":true}]}}