{"id":261,"date":"2025-11-12T15:06:01","date_gmt":"2025-11-12T12:06:01","guid":{"rendered":"https:\/\/www.doganaymould.com\/contact\/"},"modified":"2026-01-06T10:19:03","modified_gmt":"2026-01-06T07:19:03","slug":"contact","status":"publish","type":"page","link":"https:\/\/www.doganaymould.com\/tr\/iletisim\/","title":{"rendered":"\u0130leti\u015fim"},"content":{"rendered":"","protected":false},"excerpt":{"rendered":"","protected":false},"author":1,"featured_media":262,"parent":0,"menu_order":0,"comment_status":"closed","ping_status":"closed","template":"page-contact.php","meta":{"_acf_changed":false,"inline_featured_image":false,"footnotes":""},"class_list":["post-261","page","type-page","status-publish","has-post-thumbnail","hentry"],"acf":[],"yoast_head":"<!-- This site is optimized with the Yoast SEO plugin v26.6 - https:\/\/yoast.com\/wordpress\/plugins\/seo\/ -->\n<title>\u0130leti\u015fim - Doganay Mould<\/title>\n<meta name=\"description\" content=\"Termoform kal\u0131p ve \u00e7\u00f6z\u00fcmlerimiz hakk\u0131nda bilgi almak i\u00e7in Doganay Mould ile ileti\u015fime ge\u00e7in. IMC, 3\/4 istasyon kal\u0131plar i\u00e7in teklif al\u0131n.\" \/>\n<meta name=\"robots\" content=\"index, follow, max-snippet:-1, max-image-preview:large, max-video-preview:-1\" \/>\n<link rel=\"canonical\" href=\"https:\/\/www.doganaymould.com\/tr\/iletisim\/\" \/>\n<meta property=\"og:locale\" content=\"tr_TR\" \/>\n<meta property=\"og:type\" content=\"article\" \/>\n<meta property=\"og:title\" content=\"\u0130leti\u015fim - Doganay Mould\" \/>\n<meta property=\"og:description\" content=\"Termoform kal\u0131p ve \u00e7\u00f6z\u00fcmlerimiz hakk\u0131nda bilgi almak i\u00e7in Doganay Mould ile ileti\u015fime ge\u00e7in. IMC, 3\/4 istasyon kal\u0131plar i\u00e7in teklif al\u0131n.\" \/>\n<meta property=\"og:url\" content=\"https:\/\/www.doganaymould.com\/tr\/iletisim\/\" \/>\n<meta property=\"og:site_name\" content=\"Doganay Mould\" \/>\n<meta property=\"article:modified_time\" content=\"2026-01-06T07:19:03+00:00\" \/>\n<meta property=\"og:image\" content=\"https:\/\/www.doganaymould.com\/wp-content\/uploads\/2025\/11\/contact-1.jpg\" \/>\n\t<meta property=\"og:image:width\" content=\"960\" \/>\n\t<meta property=\"og:image:height\" content=\"852\" \/>\n\t<meta property=\"og:image:type\" content=\"image\/jpeg\" \/>\n<meta name=\"twitter:card\" content=\"summary_large_image\" \/>\n<meta name=\"twitter:label1\" content=\"Tahmini okuma s\u00fcresi\" \/>\n\t<meta name=\"twitter:data1\" content=\"1 dakika\" \/>\n<script type=\"application\/ld+json\" class=\"yoast-schema-graph\">{\"@context\":\"https:\/\/schema.org\",\"@graph\":[{\"@type\":\"WebPage\",\"@id\":\"https:\/\/www.doganaymould.com\/tr\/iletisim\/\",\"url\":\"https:\/\/www.doganaymould.com\/tr\/iletisim\/\",\"name\":\"\u0130leti\u015fim - Doganay Mould\",\"isPartOf\":{\"@id\":\"https:\/\/www.doganaymould.com\/tr\/#website\"},\"primaryImageOfPage\":{\"@id\":\"https:\/\/www.doganaymould.com\/tr\/iletisim\/#primaryimage\"},\"image\":{\"@id\":\"https:\/\/www.doganaymould.com\/tr\/iletisim\/#primaryimage\"},\"thumbnailUrl\":\"https:\/\/www.doganaymould.com\/wp-content\/uploads\/2025\/11\/contact-1.jpg\",\"datePublished\":\"2025-11-12T12:06:01+00:00\",\"dateModified\":\"2026-01-06T07:19:03+00:00\",\"description\":\"Termoform kal\u0131p ve \u00e7\u00f6z\u00fcmlerimiz hakk\u0131nda bilgi almak i\u00e7in Doganay Mould ile ileti\u015fime ge\u00e7in. IMC, 3\/4 istasyon kal\u0131plar i\u00e7in teklif al\u0131n.\",\"breadcrumb\":{\"@id\":\"https:\/\/www.doganaymould.com\/tr\/iletisim\/#breadcrumb\"},\"inLanguage\":\"tr\",\"potentialAction\":[{\"@type\":\"ReadAction\",\"target\":[\"https:\/\/www.doganaymould.com\/tr\/iletisim\/\"]}]},{\"@type\":\"ImageObject\",\"inLanguage\":\"tr\",\"@id\":\"https:\/\/www.doganaymould.com\/tr\/iletisim\/#primaryimage\",\"url\":\"https:\/\/www.doganaymould.com\/wp-content\/uploads\/2025\/11\/contact-1.jpg\",\"contentUrl\":\"https:\/\/www.doganaymould.com\/wp-content\/uploads\/2025\/11\/contact-1.jpg\",\"width\":960,\"height\":852},{\"@type\":\"BreadcrumbList\",\"@id\":\"https:\/\/www.doganaymould.com\/tr\/iletisim\/#breadcrumb\",\"itemListElement\":[{\"@type\":\"ListItem\",\"position\":1,\"name\":\"Home\",\"item\":\"https:\/\/www.doganaymould.com\/tr\/\"},{\"@type\":\"ListItem\",\"position\":2,\"name\":\"\u0130leti\u015fim\"}]},{\"@type\":\"WebSite\",\"@id\":\"https:\/\/www.doganaymould.com\/tr\/#website\",\"url\":\"https:\/\/www.doganaymould.com\/tr\/\",\"name\":\"Doganay Mould\",\"description\":\"\",\"potentialAction\":[{\"@type\":\"SearchAction\",\"target\":{\"@type\":\"EntryPoint\",\"urlTemplate\":\"https:\/\/www.doganaymould.com\/tr\/?s={search_term_string}\"},\"query-input\":{\"@type\":\"PropertyValueSpecification\",\"valueRequired\":true,\"valueName\":\"search_term_string\"}}],\"inLanguage\":\"tr\"}]}<\/script>\n<!-- \/ Yoast SEO plugin. -->","yoast_head_json":{"title":"\u0130leti\u015fim - Doganay Mould","description":"Termoform kal\u0131p ve \u00e7\u00f6z\u00fcmlerimiz hakk\u0131nda bilgi almak i\u00e7in Doganay Mould ile ileti\u015fime ge\u00e7in. IMC, 3\/4 istasyon kal\u0131plar i\u00e7in teklif al\u0131n.","robots":{"index":"index","follow":"follow","max-snippet":"max-snippet:-1","max-image-preview":"max-image-preview:large","max-video-preview":"max-video-preview:-1"},"canonical":"https:\/\/www.doganaymould.com\/tr\/iletisim\/","og_locale":"tr_TR","og_type":"article","og_title":"\u0130leti\u015fim - Doganay Mould","og_description":"Termoform kal\u0131p ve \u00e7\u00f6z\u00fcmlerimiz hakk\u0131nda bilgi almak i\u00e7in Doganay Mould ile ileti\u015fime ge\u00e7in. IMC, 3\/4 istasyon kal\u0131plar i\u00e7in teklif al\u0131n.","og_url":"https:\/\/www.doganaymould.com\/tr\/iletisim\/","og_site_name":"Doganay Mould","article_modified_time":"2026-01-06T07:19:03+00:00","og_image":[{"width":960,"height":852,"url":"https:\/\/www.doganaymould.com\/wp-content\/uploads\/2025\/11\/contact-1.jpg","type":"image\/jpeg"}],"twitter_card":"summary_large_image","twitter_misc":{"Tahmini okuma s\u00fcresi":"1 dakika"},"schema":{"@context":"https:\/\/schema.org","@graph":[{"@type":"WebPage","@id":"https:\/\/www.doganaymould.com\/tr\/iletisim\/","url":"https:\/\/www.doganaymould.com\/tr\/iletisim\/","name":"\u0130leti\u015fim - Doganay Mould","isPartOf":{"@id":"https:\/\/www.doganaymould.com\/tr\/#website"},"primaryImageOfPage":{"@id":"https:\/\/www.doganaymould.com\/tr\/iletisim\/#primaryimage"},"image":{"@id":"https:\/\/www.doganaymould.com\/tr\/iletisim\/#primaryimage"},"thumbnailUrl":"https:\/\/www.doganaymould.com\/wp-content\/uploads\/2025\/11\/contact-1.jpg","datePublished":"2025-11-12T12:06:01+00:00","dateModified":"2026-01-06T07:19:03+00:00","description":"Termoform kal\u0131p ve \u00e7\u00f6z\u00fcmlerimiz hakk\u0131nda bilgi almak i\u00e7in Doganay Mould ile ileti\u015fime ge\u00e7in. IMC, 3\/4 istasyon kal\u0131plar i\u00e7in teklif al\u0131n.","breadcrumb":{"@id":"https:\/\/www.doganaymould.com\/tr\/iletisim\/#breadcrumb"},"inLanguage":"tr","potentialAction":[{"@type":"ReadAction","target":["https:\/\/www.doganaymould.com\/tr\/iletisim\/"]}]},{"@type":"ImageObject","inLanguage":"tr","@id":"https:\/\/www.doganaymould.com\/tr\/iletisim\/#primaryimage","url":"https:\/\/www.doganaymould.com\/wp-content\/uploads\/2025\/11\/contact-1.jpg","contentUrl":"https:\/\/www.doganaymould.com\/wp-content\/uploads\/2025\/11\/contact-1.jpg","width":960,"height":852},{"@type":"BreadcrumbList","@id":"https:\/\/www.doganaymould.com\/tr\/iletisim\/#breadcrumb","itemListElement":[{"@type":"ListItem","position":1,"name":"Home","item":"https:\/\/www.doganaymould.com\/tr\/"},{"@type":"ListItem","position":2,"name":"\u0130leti\u015fim"}]},{"@type":"WebSite","@id":"https:\/\/www.doganaymould.com\/tr\/#website","url":"https:\/\/www.doganaymould.com\/tr\/","name":"Doganay Mould","description":"","potentialAction":[{"@type":"SearchAction","target":{"@type":"EntryPoint","urlTemplate":"https:\/\/www.doganaymould.com\/tr\/?s={search_term_string}"},"query-input":{"@type":"PropertyValueSpecification","valueRequired":true,"valueName":"search_term_string"}}],"inLanguage":"tr"}]}},"_links":{"self":[{"href":"https:\/\/www.doganaymould.com\/tr\/wp-json\/wp\/v2\/pages\/261","targetHints":{"allow":["GET"]}}],"collection":[{"href":"https:\/\/www.doganaymould.com\/tr\/wp-json\/wp\/v2\/pages"}],"about":[{"href":"https:\/\/www.doganaymould.com\/tr\/wp-json\/wp\/v2\/types\/page"}],"author":[{"embeddable":true,"href":"https:\/\/www.doganaymould.com\/tr\/wp-json\/wp\/v2\/users\/1"}],"replies":[{"embeddable":true,"href":"https:\/\/www.doganaymould.com\/tr\/wp-json\/wp\/v2\/comments?post=261"}],"version-history":[{"count":2,"href":"https:\/\/www.doganaymould.com\/tr\/wp-json\/wp\/v2\/pages\/261\/revisions"}],"predecessor-version":[{"id":346,"href":"https:\/\/www.doganaymould.com\/tr\/wp-json\/wp\/v2\/pages\/261\/revisions\/346"}],"wp:featuredmedia":[{"embeddable":true,"href":"https:\/\/www.doganaymould.com\/tr\/wp-json\/wp\/v2\/media\/262"}],"wp:attachment":[{"href":"https:\/\/www.doganaymould.com\/tr\/wp-json\/wp\/v2\/media?parent=261"}],"curies":[{"name":"wp","href":"https:\/\/api.w.org\/{rel}","templated":true}]}}