{"id":273,"date":"2025-09-15T16:42:10","date_gmt":"2025-09-15T13:42:10","guid":{"rendered":"https:\/\/www.doganaymould.com\/news\/"},"modified":"2026-01-05T18:30:08","modified_gmt":"2026-01-05T15:30:08","slug":"news","status":"publish","type":"page","link":"https:\/\/www.doganaymould.com\/tr\/haberler\/","title":{"rendered":"Haberler"},"content":{"rendered":"","protected":false},"excerpt":{"rendered":"","protected":false},"author":1,"featured_media":0,"parent":0,"menu_order":0,"comment_status":"closed","ping_status":"closed","template":"page-blog.php","meta":{"_acf_changed":false,"inline_featured_image":false,"footnotes":""},"class_list":["post-273","page","type-page","status-publish","hentry"],"acf":[],"yoast_head":"<!-- This site is optimized with the Yoast SEO plugin v26.6 - https:\/\/yoast.com\/wordpress\/plugins\/seo\/ -->\n<title>Haberler - Doganay Mould<\/title>\n<meta name=\"description\" content=\"Doganay Mould haberleri: fuarlar, etkinlikler ve termoform kal\u0131p \u00e7\u00f6z\u00fcmlerimize dair g\u00fcncellemeler. IMC, 3\/4 istasyon\u2014detaylar\u0131 inceleyin.\" \/>\n<meta name=\"robots\" content=\"index, follow, max-snippet:-1, max-image-preview:large, max-video-preview:-1\" \/>\n<link rel=\"canonical\" href=\"https:\/\/www.doganaymould.com\/tr\/haberler\/\" \/>\n<meta property=\"og:locale\" content=\"tr_TR\" \/>\n<meta property=\"og:type\" content=\"article\" \/>\n<meta property=\"og:title\" content=\"Haberler - Doganay Mould\" \/>\n<meta property=\"og:description\" content=\"Doganay Mould haberleri: fuarlar, etkinlikler ve termoform kal\u0131p \u00e7\u00f6z\u00fcmlerimize dair g\u00fcncellemeler. IMC, 3\/4 istasyon\u2014detaylar\u0131 inceleyin.\" \/>\n<meta property=\"og:url\" content=\"https:\/\/www.doganaymould.com\/tr\/haberler\/\" \/>\n<meta property=\"og:site_name\" content=\"Doganay Mould\" \/>\n<meta property=\"article:modified_time\" content=\"2026-01-05T15:30:08+00:00\" \/>\n<meta name=\"twitter:card\" content=\"summary_large_image\" \/>\n<script type=\"application\/ld+json\" class=\"yoast-schema-graph\">{\"@context\":\"https:\/\/schema.org\",\"@graph\":[{\"@type\":\"WebPage\",\"@id\":\"https:\/\/www.doganaymould.com\/tr\/haberler\/\",\"url\":\"https:\/\/www.doganaymould.com\/tr\/haberler\/\",\"name\":\"Haberler - Doganay Mould\",\"isPartOf\":{\"@id\":\"https:\/\/www.doganaymould.com\/tr\/#website\"},\"datePublished\":\"2025-09-15T13:42:10+00:00\",\"dateModified\":\"2026-01-05T15:30:08+00:00\",\"description\":\"Doganay Mould haberleri: fuarlar, etkinlikler ve termoform kal\u0131p \u00e7\u00f6z\u00fcmlerimize dair g\u00fcncellemeler. IMC, 3\/4 istasyon\u2014detaylar\u0131 inceleyin.\",\"breadcrumb\":{\"@id\":\"https:\/\/www.doganaymould.com\/tr\/haberler\/#breadcrumb\"},\"inLanguage\":\"tr\",\"potentialAction\":[{\"@type\":\"ReadAction\",\"target\":[\"https:\/\/www.doganaymould.com\/tr\/haberler\/\"]}]},{\"@type\":\"BreadcrumbList\",\"@id\":\"https:\/\/www.doganaymould.com\/tr\/haberler\/#breadcrumb\",\"itemListElement\":[{\"@type\":\"ListItem\",\"position\":1,\"name\":\"Home\",\"item\":\"https:\/\/www.doganaymould.com\/tr\/\"},{\"@type\":\"ListItem\",\"position\":2,\"name\":\"Haberler\"}]},{\"@type\":\"WebSite\",\"@id\":\"https:\/\/www.doganaymould.com\/tr\/#website\",\"url\":\"https:\/\/www.doganaymould.com\/tr\/\",\"name\":\"Doganay Mould\",\"description\":\"\",\"potentialAction\":[{\"@type\":\"SearchAction\",\"target\":{\"@type\":\"EntryPoint\",\"urlTemplate\":\"https:\/\/www.doganaymould.com\/tr\/?s={search_term_string}\"},\"query-input\":{\"@type\":\"PropertyValueSpecification\",\"valueRequired\":true,\"valueName\":\"search_term_string\"}}],\"inLanguage\":\"tr\"}]}<\/script>\n<!-- \/ Yoast SEO plugin. -->","yoast_head_json":{"title":"Haberler - Doganay Mould","description":"Doganay Mould haberleri: fuarlar, etkinlikler ve termoform kal\u0131p \u00e7\u00f6z\u00fcmlerimize dair g\u00fcncellemeler. IMC, 3\/4 istasyon\u2014detaylar\u0131 inceleyin.","robots":{"index":"index","follow":"follow","max-snippet":"max-snippet:-1","max-image-preview":"max-image-preview:large","max-video-preview":"max-video-preview:-1"},"canonical":"https:\/\/www.doganaymould.com\/tr\/haberler\/","og_locale":"tr_TR","og_type":"article","og_title":"Haberler - Doganay Mould","og_description":"Doganay Mould haberleri: fuarlar, etkinlikler ve termoform kal\u0131p \u00e7\u00f6z\u00fcmlerimize dair g\u00fcncellemeler. IMC, 3\/4 istasyon\u2014detaylar\u0131 inceleyin.","og_url":"https:\/\/www.doganaymould.com\/tr\/haberler\/","og_site_name":"Doganay Mould","article_modified_time":"2026-01-05T15:30:08+00:00","twitter_card":"summary_large_image","schema":{"@context":"https:\/\/schema.org","@graph":[{"@type":"WebPage","@id":"https:\/\/www.doganaymould.com\/tr\/haberler\/","url":"https:\/\/www.doganaymould.com\/tr\/haberler\/","name":"Haberler - Doganay Mould","isPartOf":{"@id":"https:\/\/www.doganaymould.com\/tr\/#website"},"datePublished":"2025-09-15T13:42:10+00:00","dateModified":"2026-01-05T15:30:08+00:00","description":"Doganay Mould haberleri: fuarlar, etkinlikler ve termoform kal\u0131p \u00e7\u00f6z\u00fcmlerimize dair g\u00fcncellemeler. IMC, 3\/4 istasyon\u2014detaylar\u0131 inceleyin.","breadcrumb":{"@id":"https:\/\/www.doganaymould.com\/tr\/haberler\/#breadcrumb"},"inLanguage":"tr","potentialAction":[{"@type":"ReadAction","target":["https:\/\/www.doganaymould.com\/tr\/haberler\/"]}]},{"@type":"BreadcrumbList","@id":"https:\/\/www.doganaymould.com\/tr\/haberler\/#breadcrumb","itemListElement":[{"@type":"ListItem","position":1,"name":"Home","item":"https:\/\/www.doganaymould.com\/tr\/"},{"@type":"ListItem","position":2,"name":"Haberler"}]},{"@type":"WebSite","@id":"https:\/\/www.doganaymould.com\/tr\/#website","url":"https:\/\/www.doganaymould.com\/tr\/","name":"Doganay Mould","description":"","potentialAction":[{"@type":"SearchAction","target":{"@type":"EntryPoint","urlTemplate":"https:\/\/www.doganaymould.com\/tr\/?s={search_term_string}"},"query-input":{"@type":"PropertyValueSpecification","valueRequired":true,"valueName":"search_term_string"}}],"inLanguage":"tr"}]}},"_links":{"self":[{"href":"https:\/\/www.doganaymould.com\/tr\/wp-json\/wp\/v2\/pages\/273","targetHints":{"allow":["GET"]}}],"collection":[{"href":"https:\/\/www.doganaymould.com\/tr\/wp-json\/wp\/v2\/pages"}],"about":[{"href":"https:\/\/www.doganaymould.com\/tr\/wp-json\/wp\/v2\/types\/page"}],"author":[{"embeddable":true,"href":"https:\/\/www.doganaymould.com\/tr\/wp-json\/wp\/v2\/users\/1"}],"replies":[{"embeddable":true,"href":"https:\/\/www.doganaymould.com\/tr\/wp-json\/wp\/v2\/comments?post=273"}],"version-history":[{"count":1,"href":"https:\/\/www.doganaymould.com\/tr\/wp-json\/wp\/v2\/pages\/273\/revisions"}],"predecessor-version":[{"id":274,"href":"https:\/\/www.doganaymould.com\/tr\/wp-json\/wp\/v2\/pages\/273\/revisions\/274"}],"wp:attachment":[{"href":"https:\/\/www.doganaymould.com\/tr\/wp-json\/wp\/v2\/media?parent=273"}],"curies":[{"name":"wp","href":"https:\/\/api.w.org\/{rel}","templated":true}]}}