{"id":275,"date":"2025-09-09T14:31:38","date_gmt":"2025-09-09T11:31:38","guid":{"rendered":"https:\/\/www.doganaymould.com\/thermoforming-mould\/"},"modified":"2026-01-06T10:28:22","modified_gmt":"2026-01-06T07:28:22","slug":"thermoforming-mould","status":"publish","type":"page","link":"https:\/\/www.doganaymould.com\/tr\/terform-cozumleri\/","title":{"rendered":"Termoform \u00c7\u00f6z\u00fcmleri"},"content":{"rendered":"<p>Termoform \u00e7\u00f6z\u00fcmleri, \u00e7e\u015fitli sekt\u00f6rlerin \u00f6zel ihtiya\u00e7lar\u0131n\u0131 kar\u015f\u0131layan y\u00fcksek kaliteli Termoform \u00e7\u00f6z\u00fcmleri \u00fcretiminde uzmanla\u015fm\u0131\u015ft\u0131r. \u015eirketimiz, hassasiyet ve m\u00fckemmelli\u011fe adanm\u0131\u015f yetenekli m\u00fchendisler ve deneyimli uzmanlardan olu\u015fan bir ekiple gurur duymaktad\u0131r. Her termoform kal\u0131b\u0131, detaylara dikkat edilerek ve kaliteye ba\u011fl\u0131 kal\u0131narak \u00fcretilir ve bu da sa\u011flam ve verimli bir \u00fcretim s\u00fcreci sa\u011flar.<\/p>\n","protected":false},"excerpt":{"rendered":"<p>Termoform \u00e7\u00f6z\u00fcmleri, \u00e7e\u015fitli sekt\u00f6rlerin \u00f6zel ihtiya\u00e7lar\u0131n\u0131 kar\u015f\u0131layan&#8230;<\/p>\n","protected":false},"author":1,"featured_media":366,"parent":0,"menu_order":0,"comment_status":"closed","ping_status":"closed","template":"page-product-list.php","meta":{"_acf_changed":false,"inline_featured_image":false,"footnotes":""},"class_list":["post-275","page","type-page","status-publish","has-post-thumbnail","hentry"],"acf":[],"yoast_head":"<!-- This site is optimized with the Yoast SEO plugin v26.6 - https:\/\/yoast.com\/wordpress\/plugins\/seo\/ -->\n<title>Termoform \u00c7\u00f6z\u00fcmleri - Doganay Mould<\/title>\n<meta name=\"description\" content=\"IMC, 3 ve 4 istasyon termoform kal\u0131p \u00e7\u00f6z\u00fcmleri. G\u0131da ambalaj\u0131 i\u00e7in y\u00fcksek hassasiyetli, makine uyumlu kal\u0131plar Doganay Mould\u2019da.\" \/>\n<meta name=\"robots\" content=\"index, follow, max-snippet:-1, max-image-preview:large, max-video-preview:-1\" \/>\n<link rel=\"canonical\" href=\"https:\/\/www.doganaymould.com\/tr\/terform-cozumleri\/\" \/>\n<meta property=\"og:locale\" content=\"tr_TR\" \/>\n<meta property=\"og:type\" content=\"article\" \/>\n<meta property=\"og:title\" content=\"Termoform \u00c7\u00f6z\u00fcmleri - Doganay Mould\" \/>\n<meta property=\"og:description\" content=\"IMC, 3 ve 4 istasyon termoform kal\u0131p \u00e7\u00f6z\u00fcmleri. G\u0131da ambalaj\u0131 i\u00e7in y\u00fcksek hassasiyetli, makine uyumlu kal\u0131plar Doganay Mould\u2019da.\" \/>\n<meta property=\"og:url\" content=\"https:\/\/www.doganaymould.com\/tr\/terform-cozumleri\/\" \/>\n<meta property=\"og:site_name\" content=\"Doganay Mould\" \/>\n<meta property=\"article:modified_time\" content=\"2026-01-06T07:28:22+00:00\" \/>\n<meta property=\"og:image\" content=\"https:\/\/www.doganaymould.com\/wp-content\/uploads\/2025\/12\/therforming-mould-2.jpg\" \/>\n\t<meta property=\"og:image:width\" content=\"960\" \/>\n\t<meta property=\"og:image:height\" content=\"1080\" \/>\n\t<meta property=\"og:image:type\" content=\"image\/jpeg\" \/>\n<meta name=\"twitter:card\" content=\"summary_large_image\" \/>\n<meta name=\"twitter:label1\" content=\"Tahmini okuma s\u00fcresi\" \/>\n\t<meta name=\"twitter:data1\" content=\"1 dakika\" \/>\n<script type=\"application\/ld+json\" class=\"yoast-schema-graph\">{\"@context\":\"https:\/\/schema.org\",\"@graph\":[{\"@type\":\"WebPage\",\"@id\":\"https:\/\/www.doganaymould.com\/tr\/terform-cozumleri\/\",\"url\":\"https:\/\/www.doganaymould.com\/tr\/terform-cozumleri\/\",\"name\":\"Termoform \u00c7\u00f6z\u00fcmleri - Doganay Mould\",\"isPartOf\":{\"@id\":\"https:\/\/www.doganaymould.com\/tr\/#website\"},\"primaryImageOfPage\":{\"@id\":\"https:\/\/www.doganaymould.com\/tr\/terform-cozumleri\/#primaryimage\"},\"image\":{\"@id\":\"https:\/\/www.doganaymould.com\/tr\/terform-cozumleri\/#primaryimage\"},\"thumbnailUrl\":\"https:\/\/www.doganaymould.com\/wp-content\/uploads\/2025\/12\/therforming-mould-2.jpg\",\"datePublished\":\"2025-09-09T11:31:38+00:00\",\"dateModified\":\"2026-01-06T07:28:22+00:00\",\"description\":\"IMC, 3 ve 4 istasyon termoform kal\u0131p \u00e7\u00f6z\u00fcmleri. G\u0131da ambalaj\u0131 i\u00e7in y\u00fcksek hassasiyetli, makine uyumlu kal\u0131plar Doganay Mould\u2019da.\",\"breadcrumb\":{\"@id\":\"https:\/\/www.doganaymould.com\/tr\/terform-cozumleri\/#breadcrumb\"},\"inLanguage\":\"tr\",\"potentialAction\":[{\"@type\":\"ReadAction\",\"target\":[\"https:\/\/www.doganaymould.com\/tr\/terform-cozumleri\/\"]}]},{\"@type\":\"ImageObject\",\"inLanguage\":\"tr\",\"@id\":\"https:\/\/www.doganaymould.com\/tr\/terform-cozumleri\/#primaryimage\",\"url\":\"https:\/\/www.doganaymould.com\/wp-content\/uploads\/2025\/12\/therforming-mould-2.jpg\",\"contentUrl\":\"https:\/\/www.doganaymould.com\/wp-content\/uploads\/2025\/12\/therforming-mould-2.jpg\",\"width\":960,\"height\":1080},{\"@type\":\"BreadcrumbList\",\"@id\":\"https:\/\/www.doganaymould.com\/tr\/terform-cozumleri\/#breadcrumb\",\"itemListElement\":[{\"@type\":\"ListItem\",\"position\":1,\"name\":\"Home\",\"item\":\"https:\/\/www.doganaymould.com\/tr\/\"},{\"@type\":\"ListItem\",\"position\":2,\"name\":\"Termoform \u00c7\u00f6z\u00fcmleri\"}]},{\"@type\":\"WebSite\",\"@id\":\"https:\/\/www.doganaymould.com\/tr\/#website\",\"url\":\"https:\/\/www.doganaymould.com\/tr\/\",\"name\":\"Doganay Mould\",\"description\":\"\",\"potentialAction\":[{\"@type\":\"SearchAction\",\"target\":{\"@type\":\"EntryPoint\",\"urlTemplate\":\"https:\/\/www.doganaymould.com\/tr\/?s={search_term_string}\"},\"query-input\":{\"@type\":\"PropertyValueSpecification\",\"valueRequired\":true,\"valueName\":\"search_term_string\"}}],\"inLanguage\":\"tr\"}]}<\/script>\n<!-- \/ Yoast SEO plugin. -->","yoast_head_json":{"title":"Termoform \u00c7\u00f6z\u00fcmleri - Doganay Mould","description":"IMC, 3 ve 4 istasyon termoform kal\u0131p \u00e7\u00f6z\u00fcmleri. G\u0131da ambalaj\u0131 i\u00e7in y\u00fcksek hassasiyetli, makine uyumlu kal\u0131plar Doganay Mould\u2019da.","robots":{"index":"index","follow":"follow","max-snippet":"max-snippet:-1","max-image-preview":"max-image-preview:large","max-video-preview":"max-video-preview:-1"},"canonical":"https:\/\/www.doganaymould.com\/tr\/terform-cozumleri\/","og_locale":"tr_TR","og_type":"article","og_title":"Termoform \u00c7\u00f6z\u00fcmleri - Doganay Mould","og_description":"IMC, 3 ve 4 istasyon termoform kal\u0131p \u00e7\u00f6z\u00fcmleri. G\u0131da ambalaj\u0131 i\u00e7in y\u00fcksek hassasiyetli, makine uyumlu kal\u0131plar Doganay Mould\u2019da.","og_url":"https:\/\/www.doganaymould.com\/tr\/terform-cozumleri\/","og_site_name":"Doganay Mould","article_modified_time":"2026-01-06T07:28:22+00:00","og_image":[{"width":960,"height":1080,"url":"https:\/\/www.doganaymould.com\/wp-content\/uploads\/2025\/12\/therforming-mould-2.jpg","type":"image\/jpeg"}],"twitter_card":"summary_large_image","twitter_misc":{"Tahmini okuma s\u00fcresi":"1 dakika"},"schema":{"@context":"https:\/\/schema.org","@graph":[{"@type":"WebPage","@id":"https:\/\/www.doganaymould.com\/tr\/terform-cozumleri\/","url":"https:\/\/www.doganaymould.com\/tr\/terform-cozumleri\/","name":"Termoform \u00c7\u00f6z\u00fcmleri - Doganay Mould","isPartOf":{"@id":"https:\/\/www.doganaymould.com\/tr\/#website"},"primaryImageOfPage":{"@id":"https:\/\/www.doganaymould.com\/tr\/terform-cozumleri\/#primaryimage"},"image":{"@id":"https:\/\/www.doganaymould.com\/tr\/terform-cozumleri\/#primaryimage"},"thumbnailUrl":"https:\/\/www.doganaymould.com\/wp-content\/uploads\/2025\/12\/therforming-mould-2.jpg","datePublished":"2025-09-09T11:31:38+00:00","dateModified":"2026-01-06T07:28:22+00:00","description":"IMC, 3 ve 4 istasyon termoform kal\u0131p \u00e7\u00f6z\u00fcmleri. G\u0131da ambalaj\u0131 i\u00e7in y\u00fcksek hassasiyetli, makine uyumlu kal\u0131plar Doganay Mould\u2019da.","breadcrumb":{"@id":"https:\/\/www.doganaymould.com\/tr\/terform-cozumleri\/#breadcrumb"},"inLanguage":"tr","potentialAction":[{"@type":"ReadAction","target":["https:\/\/www.doganaymould.com\/tr\/terform-cozumleri\/"]}]},{"@type":"ImageObject","inLanguage":"tr","@id":"https:\/\/www.doganaymould.com\/tr\/terform-cozumleri\/#primaryimage","url":"https:\/\/www.doganaymould.com\/wp-content\/uploads\/2025\/12\/therforming-mould-2.jpg","contentUrl":"https:\/\/www.doganaymould.com\/wp-content\/uploads\/2025\/12\/therforming-mould-2.jpg","width":960,"height":1080},{"@type":"BreadcrumbList","@id":"https:\/\/www.doganaymould.com\/tr\/terform-cozumleri\/#breadcrumb","itemListElement":[{"@type":"ListItem","position":1,"name":"Home","item":"https:\/\/www.doganaymould.com\/tr\/"},{"@type":"ListItem","position":2,"name":"Termoform \u00c7\u00f6z\u00fcmleri"}]},{"@type":"WebSite","@id":"https:\/\/www.doganaymould.com\/tr\/#website","url":"https:\/\/www.doganaymould.com\/tr\/","name":"Doganay Mould","description":"","potentialAction":[{"@type":"SearchAction","target":{"@type":"EntryPoint","urlTemplate":"https:\/\/www.doganaymould.com\/tr\/?s={search_term_string}"},"query-input":{"@type":"PropertyValueSpecification","valueRequired":true,"valueName":"search_term_string"}}],"inLanguage":"tr"}]}},"_links":{"self":[{"href":"https:\/\/www.doganaymould.com\/tr\/wp-json\/wp\/v2\/pages\/275","targetHints":{"allow":["GET"]}}],"collection":[{"href":"https:\/\/www.doganaymould.com\/tr\/wp-json\/wp\/v2\/pages"}],"about":[{"href":"https:\/\/www.doganaymould.com\/tr\/wp-json\/wp\/v2\/types\/page"}],"author":[{"embeddable":true,"href":"https:\/\/www.doganaymould.com\/tr\/wp-json\/wp\/v2\/users\/1"}],"replies":[{"embeddable":true,"href":"https:\/\/www.doganaymould.com\/tr\/wp-json\/wp\/v2\/comments?post=275"}],"version-history":[{"count":3,"href":"https:\/\/www.doganaymould.com\/tr\/wp-json\/wp\/v2\/pages\/275\/revisions"}],"predecessor-version":[{"id":356,"href":"https:\/\/www.doganaymould.com\/tr\/wp-json\/wp\/v2\/pages\/275\/revisions\/356"}],"wp:featuredmedia":[{"embeddable":true,"href":"https:\/\/www.doganaymould.com\/tr\/wp-json\/wp\/v2\/media\/366"}],"wp:attachment":[{"href":"https:\/\/www.doganaymould.com\/tr\/wp-json\/wp\/v2\/media?parent=275"}],"curies":[{"name":"wp","href":"https:\/\/api.w.org\/{rel}","templated":true}]}}