{"id":279,"date":"2025-09-09T16:05:15","date_gmt":"2025-09-09T13:05:15","guid":{"rendered":"https:\/\/www.doganaymould.com\/thermoforming-mould\/3-station-moulds\/"},"modified":"2026-01-06T10:19:43","modified_gmt":"2026-01-06T07:19:43","slug":"3-station-moulds","status":"publish","type":"page","link":"https:\/\/www.doganaymould.com\/tr\/3-istasyonlu-kaliplar\/","title":{"rendered":"3 \u0130stasyonlu Kal\u0131plar"},"content":{"rendered":"<p>Doganay Mould, \u00fcretim s\u00fcrecini kolayla\u015ft\u0131rmak ve tutarl\u0131 kalite sa\u011flamak i\u00e7in titizlikle tasarlanm\u0131\u015f, geli\u015fmi\u015f 3 istasyonlu termoform \u00e7\u00f6z\u00fcmleri konusunda uzmanla\u015fm\u0131\u015ft\u0131r. 3 istasyonlu bir termoform kal\u0131b\u0131 (veya tak\u0131mlar\u0131), \u015fekillendirme, kesme ve istifleme olmak \u00fczere \u00fc\u00e7 temel b\u00f6l\u00fcmden olu\u015fur. Her istasyon, bir sonrakiyle sorunsuz \u00e7al\u0131\u015facak \u015fekilde optimize edilmi\u015ftir ve \u00fcretim hatt\u0131n\u0131n her a\u015famas\u0131nda verimlili\u011fi ve do\u011frulu\u011fu art\u0131r\u0131r.<\/p>\n<p>\u0130lk istasyon olan \u015fekillendirme, termoform tak\u0131mlar\u0131n\u0131n malzemeyi \u0131s\u0131 ve bas\u0131n\u00e7 yoluyla istenen forma soktu\u011fu yerdir. Bu kritik ad\u0131m, her bir tak\u0131mlama i\u015fleminin dayan\u0131kl\u0131 ve hassas bir \u00fcr\u00fcn olu\u015fturmas\u0131n\u0131 sa\u011flar. \u0130kinci istasyon olan kesmeye ge\u00e7ildi\u011finde, kal\u0131p, \u015fekillendirilen malzemeyi hassas bir \u015fekilde kesecek ve y\u00fcksek hassasiyet ve at\u0131k azaltma standartlar\u0131n\u0131 kar\u015f\u0131layacak \u015fekilde tasarlan\u0131r. Son olarak, istifleme istasyonu, bitmi\u015f \u00fcr\u00fcnleri d\u00fczenler ve verimli ta\u015f\u0131ma ve paketleme i\u00e7in dikkatlice istifler.<\/p>\n<p>Doganay Mould&#8217;un 3 istasyonlu termoform tak\u0131mlar\u0131, g\u00fcvenilirlik ve uzun \u00f6m\u00fcr sa\u011flayan s\u0131k\u0131 end\u00fcstri standartlar\u0131n\u0131 kar\u015f\u0131layacak \u015fekilde tasarlanm\u0131\u015ft\u0131r. Geli\u015fmi\u015f kal\u0131plama yeteneklerimizle, her termoform kal\u0131b\u0131n\u0131n tekrarlanabilir kalite sunacak \u015fekilde \u00fcretildi\u011fini garanti ediyoruz ve bu da onu y\u00fcksek hacimli \u00fcretim ortamlar\u0131 i\u00e7in ideal k\u0131l\u0131yor. Her kal\u0131plama s\u00fcrecinde kalite ve verimlili\u011fe olan ba\u011fl\u0131l\u0131\u011f\u0131m\u0131z bizi farkl\u0131 k\u0131l\u0131yor ve m\u00fc\u015fterilerimizin sorunsuz \u00fcretim i\u015f ak\u0131\u015flar\u0131 i\u00e7in termoform \u00e7\u00f6z\u00fcmlerimize g\u00fcvenebilmelerini sa\u011fl\u0131yor.<\/p>\n<p>Doganay Mould, hassasiyet, dayan\u0131kl\u0131l\u0131k ve verimlili\u011fi b\u00fcnyesinde bar\u0131nd\u0131ran kal\u0131plama \u00e7\u00f6z\u00fcmleri sunarak termoform kal\u0131p sekt\u00f6r\u00fcnde yenilikler yapmaya devam ediyor. 3 istasyonlu \u00fcr\u00fcn yelpazemizdeki her termoform kal\u0131b\u0131, g\u00fc\u00e7l\u00fc performans sunmak ve verimlili\u011fi art\u0131rmak \u00fczere tasarlanm\u0131\u015ft\u0131r ve bu da Doganay Mould&#8217;u y\u00fcksek kaliteli termoform \u00e7\u00f6z\u00fcmleri i\u00e7in g\u00fcvenilir bir ortak haline getirir.<\/p>\n","protected":false},"excerpt":{"rendered":"<p>Doganay Mould, \u00fcretim s\u00fcrecini kolayla\u015ft\u0131rmak ve tutarl\u0131&#8230;<\/p>\n","protected":false},"author":1,"featured_media":288,"parent":275,"menu_order":0,"comment_status":"closed","ping_status":"closed","template":"page-product-list-2.php","meta":{"_acf_changed":false,"inline_featured_image":false,"footnotes":""},"class_list":["post-279","page","type-page","status-publish","has-post-thumbnail","hentry"],"acf":[],"yoast_head":"<!-- This site is optimized with the Yoast SEO plugin v26.6 - https:\/\/yoast.com\/wordpress\/plugins\/seo\/ -->\n<title>3 \u0130stasyonlu Kal\u0131plar - Doganay Mould<\/title>\n<meta name=\"description\" content=\"3 istasyonlu termoform kal\u0131plar ile y\u00fcksek verim ve hassas \u00fcretim. G\u0131da ambalaj\u0131 i\u00e7in IMC uyumlu kal\u0131p \u00e7\u00f6z\u00fcmleri Doganay Mould\u2019da.\" \/>\n<meta name=\"robots\" content=\"index, follow, max-snippet:-1, max-image-preview:large, max-video-preview:-1\" \/>\n<link rel=\"canonical\" href=\"https:\/\/www.doganaymould.com\/tr\/3-istasyonlu-kaliplar\/\" \/>\n<meta property=\"og:locale\" content=\"tr_TR\" \/>\n<meta property=\"og:type\" content=\"article\" \/>\n<meta property=\"og:title\" content=\"3 \u0130stasyonlu Kal\u0131plar - Doganay Mould\" \/>\n<meta property=\"og:description\" content=\"3 istasyonlu termoform kal\u0131plar ile y\u00fcksek verim ve hassas \u00fcretim. G\u0131da ambalaj\u0131 i\u00e7in IMC uyumlu kal\u0131p \u00e7\u00f6z\u00fcmleri Doganay Mould\u2019da.\" \/>\n<meta property=\"og:url\" content=\"https:\/\/www.doganaymould.com\/tr\/3-istasyonlu-kaliplar\/\" \/>\n<meta property=\"og:site_name\" content=\"Doganay Mould\" \/>\n<meta property=\"article:modified_time\" content=\"2026-01-06T07:19:43+00:00\" \/>\n<meta property=\"og:image\" content=\"https:\/\/www.doganaymould.com\/wp-content\/uploads\/2025\/11\/4.jpg\" \/>\n\t<meta property=\"og:image:width\" content=\"325\" \/>\n\t<meta property=\"og:image:height\" content=\"327\" \/>\n\t<meta property=\"og:image:type\" content=\"image\/jpeg\" \/>\n<meta name=\"twitter:card\" content=\"summary_large_image\" \/>\n<meta name=\"twitter:label1\" content=\"Tahmini okuma s\u00fcresi\" \/>\n\t<meta name=\"twitter:data1\" content=\"2 dakika\" \/>\n<script type=\"application\/ld+json\" class=\"yoast-schema-graph\">{\"@context\":\"https:\/\/schema.org\",\"@graph\":[{\"@type\":\"WebPage\",\"@id\":\"https:\/\/www.doganaymould.com\/tr\/3-istasyonlu-kaliplar\/\",\"url\":\"https:\/\/www.doganaymould.com\/tr\/3-istasyonlu-kaliplar\/\",\"name\":\"3 \u0130stasyonlu Kal\u0131plar - Doganay Mould\",\"isPartOf\":{\"@id\":\"https:\/\/www.doganaymould.com\/tr\/#website\"},\"primaryImageOfPage\":{\"@id\":\"https:\/\/www.doganaymould.com\/tr\/3-istasyonlu-kaliplar\/#primaryimage\"},\"image\":{\"@id\":\"https:\/\/www.doganaymould.com\/tr\/3-istasyonlu-kaliplar\/#primaryimage\"},\"thumbnailUrl\":\"https:\/\/www.doganaymould.com\/wp-content\/uploads\/2025\/11\/4.jpg\",\"datePublished\":\"2025-09-09T13:05:15+00:00\",\"dateModified\":\"2026-01-06T07:19:43+00:00\",\"description\":\"3 istasyonlu termoform kal\u0131plar ile y\u00fcksek verim ve hassas \u00fcretim. G\u0131da ambalaj\u0131 i\u00e7in IMC uyumlu kal\u0131p \u00e7\u00f6z\u00fcmleri Doganay Mould\u2019da.\",\"breadcrumb\":{\"@id\":\"https:\/\/www.doganaymould.com\/tr\/3-istasyonlu-kaliplar\/#breadcrumb\"},\"inLanguage\":\"tr\",\"potentialAction\":[{\"@type\":\"ReadAction\",\"target\":[\"https:\/\/www.doganaymould.com\/tr\/3-istasyonlu-kaliplar\/\"]}]},{\"@type\":\"ImageObject\",\"inLanguage\":\"tr\",\"@id\":\"https:\/\/www.doganaymould.com\/tr\/3-istasyonlu-kaliplar\/#primaryimage\",\"url\":\"https:\/\/www.doganaymould.com\/wp-content\/uploads\/2025\/11\/4.jpg\",\"contentUrl\":\"https:\/\/www.doganaymould.com\/wp-content\/uploads\/2025\/11\/4.jpg\",\"width\":325,\"height\":327},{\"@type\":\"BreadcrumbList\",\"@id\":\"https:\/\/www.doganaymould.com\/tr\/3-istasyonlu-kaliplar\/#breadcrumb\",\"itemListElement\":[{\"@type\":\"ListItem\",\"position\":1,\"name\":\"Home\",\"item\":\"https:\/\/www.doganaymould.com\/tr\/\"},{\"@type\":\"ListItem\",\"position\":2,\"name\":\"Termoform \u00c7\u00f6z\u00fcmleri\",\"item\":\"https:\/\/www.doganaymould.com\/tr\/terform-cozumleri\/\"},{\"@type\":\"ListItem\",\"position\":3,\"name\":\"3 \u0130stasyonlu Kal\u0131plar\"}]},{\"@type\":\"WebSite\",\"@id\":\"https:\/\/www.doganaymould.com\/tr\/#website\",\"url\":\"https:\/\/www.doganaymould.com\/tr\/\",\"name\":\"Doganay Mould\",\"description\":\"\",\"potentialAction\":[{\"@type\":\"SearchAction\",\"target\":{\"@type\":\"EntryPoint\",\"urlTemplate\":\"https:\/\/www.doganaymould.com\/tr\/?s={search_term_string}\"},\"query-input\":{\"@type\":\"PropertyValueSpecification\",\"valueRequired\":true,\"valueName\":\"search_term_string\"}}],\"inLanguage\":\"tr\"}]}<\/script>\n<!-- \/ Yoast SEO plugin. -->","yoast_head_json":{"title":"3 \u0130stasyonlu Kal\u0131plar - Doganay Mould","description":"3 istasyonlu termoform kal\u0131plar ile y\u00fcksek verim ve hassas \u00fcretim. G\u0131da ambalaj\u0131 i\u00e7in IMC uyumlu kal\u0131p \u00e7\u00f6z\u00fcmleri Doganay Mould\u2019da.","robots":{"index":"index","follow":"follow","max-snippet":"max-snippet:-1","max-image-preview":"max-image-preview:large","max-video-preview":"max-video-preview:-1"},"canonical":"https:\/\/www.doganaymould.com\/tr\/3-istasyonlu-kaliplar\/","og_locale":"tr_TR","og_type":"article","og_title":"3 \u0130stasyonlu Kal\u0131plar - Doganay Mould","og_description":"3 istasyonlu termoform kal\u0131plar ile y\u00fcksek verim ve hassas \u00fcretim. G\u0131da ambalaj\u0131 i\u00e7in IMC uyumlu kal\u0131p \u00e7\u00f6z\u00fcmleri Doganay Mould\u2019da.","og_url":"https:\/\/www.doganaymould.com\/tr\/3-istasyonlu-kaliplar\/","og_site_name":"Doganay Mould","article_modified_time":"2026-01-06T07:19:43+00:00","og_image":[{"width":325,"height":327,"url":"https:\/\/www.doganaymould.com\/wp-content\/uploads\/2025\/11\/4.jpg","type":"image\/jpeg"}],"twitter_card":"summary_large_image","twitter_misc":{"Tahmini okuma s\u00fcresi":"2 dakika"},"schema":{"@context":"https:\/\/schema.org","@graph":[{"@type":"WebPage","@id":"https:\/\/www.doganaymould.com\/tr\/3-istasyonlu-kaliplar\/","url":"https:\/\/www.doganaymould.com\/tr\/3-istasyonlu-kaliplar\/","name":"3 \u0130stasyonlu Kal\u0131plar - Doganay Mould","isPartOf":{"@id":"https:\/\/www.doganaymould.com\/tr\/#website"},"primaryImageOfPage":{"@id":"https:\/\/www.doganaymould.com\/tr\/3-istasyonlu-kaliplar\/#primaryimage"},"image":{"@id":"https:\/\/www.doganaymould.com\/tr\/3-istasyonlu-kaliplar\/#primaryimage"},"thumbnailUrl":"https:\/\/www.doganaymould.com\/wp-content\/uploads\/2025\/11\/4.jpg","datePublished":"2025-09-09T13:05:15+00:00","dateModified":"2026-01-06T07:19:43+00:00","description":"3 istasyonlu termoform kal\u0131plar ile y\u00fcksek verim ve hassas \u00fcretim. G\u0131da ambalaj\u0131 i\u00e7in IMC uyumlu kal\u0131p \u00e7\u00f6z\u00fcmleri Doganay Mould\u2019da.","breadcrumb":{"@id":"https:\/\/www.doganaymould.com\/tr\/3-istasyonlu-kaliplar\/#breadcrumb"},"inLanguage":"tr","potentialAction":[{"@type":"ReadAction","target":["https:\/\/www.doganaymould.com\/tr\/3-istasyonlu-kaliplar\/"]}]},{"@type":"ImageObject","inLanguage":"tr","@id":"https:\/\/www.doganaymould.com\/tr\/3-istasyonlu-kaliplar\/#primaryimage","url":"https:\/\/www.doganaymould.com\/wp-content\/uploads\/2025\/11\/4.jpg","contentUrl":"https:\/\/www.doganaymould.com\/wp-content\/uploads\/2025\/11\/4.jpg","width":325,"height":327},{"@type":"BreadcrumbList","@id":"https:\/\/www.doganaymould.com\/tr\/3-istasyonlu-kaliplar\/#breadcrumb","itemListElement":[{"@type":"ListItem","position":1,"name":"Home","item":"https:\/\/www.doganaymould.com\/tr\/"},{"@type":"ListItem","position":2,"name":"Termoform \u00c7\u00f6z\u00fcmleri","item":"https:\/\/www.doganaymould.com\/tr\/terform-cozumleri\/"},{"@type":"ListItem","position":3,"name":"3 \u0130stasyonlu Kal\u0131plar"}]},{"@type":"WebSite","@id":"https:\/\/www.doganaymould.com\/tr\/#website","url":"https:\/\/www.doganaymould.com\/tr\/","name":"Doganay Mould","description":"","potentialAction":[{"@type":"SearchAction","target":{"@type":"EntryPoint","urlTemplate":"https:\/\/www.doganaymould.com\/tr\/?s={search_term_string}"},"query-input":{"@type":"PropertyValueSpecification","valueRequired":true,"valueName":"search_term_string"}}],"inLanguage":"tr"}]}},"_links":{"self":[{"href":"https:\/\/www.doganaymould.com\/tr\/wp-json\/wp\/v2\/pages\/279","targetHints":{"allow":["GET"]}}],"collection":[{"href":"https:\/\/www.doganaymould.com\/tr\/wp-json\/wp\/v2\/pages"}],"about":[{"href":"https:\/\/www.doganaymould.com\/tr\/wp-json\/wp\/v2\/types\/page"}],"author":[{"embeddable":true,"href":"https:\/\/www.doganaymould.com\/tr\/wp-json\/wp\/v2\/users\/1"}],"replies":[{"embeddable":true,"href":"https:\/\/www.doganaymould.com\/tr\/wp-json\/wp\/v2\/comments?post=279"}],"version-history":[{"count":3,"href":"https:\/\/www.doganaymould.com\/tr\/wp-json\/wp\/v2\/pages\/279\/revisions"}],"predecessor-version":[{"id":358,"href":"https:\/\/www.doganaymould.com\/tr\/wp-json\/wp\/v2\/pages\/279\/revisions\/358"}],"up":[{"embeddable":true,"href":"https:\/\/www.doganaymould.com\/tr\/wp-json\/wp\/v2\/pages\/275"}],"wp:featuredmedia":[{"embeddable":true,"href":"https:\/\/www.doganaymould.com\/tr\/wp-json\/wp\/v2\/media\/288"}],"wp:attachment":[{"href":"https:\/\/www.doganaymould.com\/tr\/wp-json\/wp\/v2\/media?parent=279"}],"curies":[{"name":"wp","href":"https:\/\/api.w.org\/{rel}","templated":true}]}}