{"id":281,"date":"2025-11-14T10:51:41","date_gmt":"2025-11-14T07:51:41","guid":{"rendered":"https:\/\/www.doganaymould.com\/thermoforming-mould\/4-station-moulds\/"},"modified":"2026-01-06T10:25:58","modified_gmt":"2026-01-06T07:25:58","slug":"4-station-moulds","status":"publish","type":"page","link":"https:\/\/www.doganaymould.com\/tr\/4-istasyonlu-kaliplar\/","title":{"rendered":"4 \u0130stasyonlu Kal\u0131plar"},"content":{"rendered":"<p>Doganay Mould, \u00e7e\u015fitli sekt\u00f6rlerin \u00f6zel ihtiya\u00e7lar\u0131n\u0131 kar\u015f\u0131layan y\u00fcksek kaliteli termoform \u00e7\u00f6z\u00fcmleri \u00fcretiminde uzmanla\u015fm\u0131\u015ft\u0131r. \u015eirketimiz, hassasiyet ve m\u00fckemmelli\u011fe adanm\u0131\u015f yetenekli m\u00fchendisler ve deneyimli uzmanlardan olu\u015fan bir ekiple gurur duymaktad\u0131r. Her termoform kal\u0131b\u0131, detaylara dikkat edilerek ve kaliteye ba\u011fl\u0131 kal\u0131narak \u00fcretilir ve bu da sa\u011flam ve verimli bir \u00fcretim s\u00fcreci sa\u011flar.<\/p>\n","protected":false},"excerpt":{"rendered":"<p>Doganay Mould, \u00e7e\u015fitli sekt\u00f6rlerin \u00f6zel ihtiya\u00e7lar\u0131n\u0131 kar\u015f\u0131layan&#8230;<\/p>\n","protected":false},"author":1,"featured_media":313,"parent":275,"menu_order":0,"comment_status":"closed","ping_status":"closed","template":"page-product-list-2.php","meta":{"_acf_changed":false,"inline_featured_image":false,"footnotes":""},"class_list":["post-281","page","type-page","status-publish","has-post-thumbnail","hentry"],"acf":[],"yoast_head":"<!-- This site is optimized with the Yoast SEO plugin v26.6 - https:\/\/yoast.com\/wordpress\/plugins\/seo\/ -->\n<title>4 \u0130stasyonlu Kal\u0131plar - Doganay Mould<\/title>\n<meta name=\"description\" content=\"4 istasyonlu termoform kal\u0131plar ile maksimum h\u0131z ve \u00fcretim verimlili\u011fi. IMC uyumlu ileri m\u00fchendislik \u00e7\u00f6z\u00fcmleri.\" \/>\n<meta name=\"robots\" content=\"index, follow, max-snippet:-1, max-image-preview:large, max-video-preview:-1\" \/>\n<link rel=\"canonical\" href=\"https:\/\/www.doganaymould.com\/tr\/4-istasyonlu-kaliplar\/\" \/>\n<meta property=\"og:locale\" content=\"tr_TR\" \/>\n<meta property=\"og:type\" content=\"article\" \/>\n<meta property=\"og:title\" content=\"4 \u0130stasyonlu Kal\u0131plar - Doganay Mould\" \/>\n<meta property=\"og:description\" content=\"4 istasyonlu termoform kal\u0131plar ile maksimum h\u0131z ve \u00fcretim verimlili\u011fi. IMC uyumlu ileri m\u00fchendislik \u00e7\u00f6z\u00fcmleri.\" \/>\n<meta property=\"og:url\" content=\"https:\/\/www.doganaymould.com\/tr\/4-istasyonlu-kaliplar\/\" \/>\n<meta property=\"og:site_name\" content=\"Doganay Mould\" \/>\n<meta property=\"article:modified_time\" content=\"2026-01-06T07:25:58+00:00\" \/>\n<meta property=\"og:image\" content=\"https:\/\/www.doganaymould.com\/wp-content\/uploads\/2025\/11\/1-3.jpg\" \/>\n\t<meta property=\"og:image:width\" content=\"325\" \/>\n\t<meta property=\"og:image:height\" content=\"327\" \/>\n\t<meta property=\"og:image:type\" content=\"image\/jpeg\" \/>\n<meta name=\"twitter:card\" content=\"summary_large_image\" \/>\n<meta name=\"twitter:label1\" content=\"Tahmini okuma s\u00fcresi\" \/>\n\t<meta name=\"twitter:data1\" content=\"1 dakika\" \/>\n<script type=\"application\/ld+json\" class=\"yoast-schema-graph\">{\"@context\":\"https:\/\/schema.org\",\"@graph\":[{\"@type\":\"WebPage\",\"@id\":\"https:\/\/www.doganaymould.com\/tr\/4-istasyonlu-kaliplar\/\",\"url\":\"https:\/\/www.doganaymould.com\/tr\/4-istasyonlu-kaliplar\/\",\"name\":\"4 \u0130stasyonlu Kal\u0131plar - Doganay Mould\",\"isPartOf\":{\"@id\":\"https:\/\/www.doganaymould.com\/tr\/#website\"},\"primaryImageOfPage\":{\"@id\":\"https:\/\/www.doganaymould.com\/tr\/4-istasyonlu-kaliplar\/#primaryimage\"},\"image\":{\"@id\":\"https:\/\/www.doganaymould.com\/tr\/4-istasyonlu-kaliplar\/#primaryimage\"},\"thumbnailUrl\":\"https:\/\/www.doganaymould.com\/wp-content\/uploads\/2025\/11\/1-3.jpg\",\"datePublished\":\"2025-11-14T07:51:41+00:00\",\"dateModified\":\"2026-01-06T07:25:58+00:00\",\"description\":\"4 istasyonlu termoform kal\u0131plar ile maksimum h\u0131z ve \u00fcretim verimlili\u011fi. IMC uyumlu ileri m\u00fchendislik \u00e7\u00f6z\u00fcmleri.\",\"breadcrumb\":{\"@id\":\"https:\/\/www.doganaymould.com\/tr\/4-istasyonlu-kaliplar\/#breadcrumb\"},\"inLanguage\":\"tr\",\"potentialAction\":[{\"@type\":\"ReadAction\",\"target\":[\"https:\/\/www.doganaymould.com\/tr\/4-istasyonlu-kaliplar\/\"]}]},{\"@type\":\"ImageObject\",\"inLanguage\":\"tr\",\"@id\":\"https:\/\/www.doganaymould.com\/tr\/4-istasyonlu-kaliplar\/#primaryimage\",\"url\":\"https:\/\/www.doganaymould.com\/wp-content\/uploads\/2025\/11\/1-3.jpg\",\"contentUrl\":\"https:\/\/www.doganaymould.com\/wp-content\/uploads\/2025\/11\/1-3.jpg\",\"width\":325,\"height\":327},{\"@type\":\"BreadcrumbList\",\"@id\":\"https:\/\/www.doganaymould.com\/tr\/4-istasyonlu-kaliplar\/#breadcrumb\",\"itemListElement\":[{\"@type\":\"ListItem\",\"position\":1,\"name\":\"Home\",\"item\":\"https:\/\/www.doganaymould.com\/tr\/\"},{\"@type\":\"ListItem\",\"position\":2,\"name\":\"Termoform \u00c7\u00f6z\u00fcmleri\",\"item\":\"https:\/\/www.doganaymould.com\/tr\/terform-cozumleri\/\"},{\"@type\":\"ListItem\",\"position\":3,\"name\":\"4 \u0130stasyonlu Kal\u0131plar\"}]},{\"@type\":\"WebSite\",\"@id\":\"https:\/\/www.doganaymould.com\/tr\/#website\",\"url\":\"https:\/\/www.doganaymould.com\/tr\/\",\"name\":\"Doganay Mould\",\"description\":\"\",\"potentialAction\":[{\"@type\":\"SearchAction\",\"target\":{\"@type\":\"EntryPoint\",\"urlTemplate\":\"https:\/\/www.doganaymould.com\/tr\/?s={search_term_string}\"},\"query-input\":{\"@type\":\"PropertyValueSpecification\",\"valueRequired\":true,\"valueName\":\"search_term_string\"}}],\"inLanguage\":\"tr\"}]}<\/script>\n<!-- \/ Yoast SEO plugin. -->","yoast_head_json":{"title":"4 \u0130stasyonlu Kal\u0131plar - Doganay Mould","description":"4 istasyonlu termoform kal\u0131plar ile maksimum h\u0131z ve \u00fcretim verimlili\u011fi. IMC uyumlu ileri m\u00fchendislik \u00e7\u00f6z\u00fcmleri.","robots":{"index":"index","follow":"follow","max-snippet":"max-snippet:-1","max-image-preview":"max-image-preview:large","max-video-preview":"max-video-preview:-1"},"canonical":"https:\/\/www.doganaymould.com\/tr\/4-istasyonlu-kaliplar\/","og_locale":"tr_TR","og_type":"article","og_title":"4 \u0130stasyonlu Kal\u0131plar - Doganay Mould","og_description":"4 istasyonlu termoform kal\u0131plar ile maksimum h\u0131z ve \u00fcretim verimlili\u011fi. IMC uyumlu ileri m\u00fchendislik \u00e7\u00f6z\u00fcmleri.","og_url":"https:\/\/www.doganaymould.com\/tr\/4-istasyonlu-kaliplar\/","og_site_name":"Doganay Mould","article_modified_time":"2026-01-06T07:25:58+00:00","og_image":[{"width":325,"height":327,"url":"https:\/\/www.doganaymould.com\/wp-content\/uploads\/2025\/11\/1-3.jpg","type":"image\/jpeg"}],"twitter_card":"summary_large_image","twitter_misc":{"Tahmini okuma s\u00fcresi":"1 dakika"},"schema":{"@context":"https:\/\/schema.org","@graph":[{"@type":"WebPage","@id":"https:\/\/www.doganaymould.com\/tr\/4-istasyonlu-kaliplar\/","url":"https:\/\/www.doganaymould.com\/tr\/4-istasyonlu-kaliplar\/","name":"4 \u0130stasyonlu Kal\u0131plar - Doganay Mould","isPartOf":{"@id":"https:\/\/www.doganaymould.com\/tr\/#website"},"primaryImageOfPage":{"@id":"https:\/\/www.doganaymould.com\/tr\/4-istasyonlu-kaliplar\/#primaryimage"},"image":{"@id":"https:\/\/www.doganaymould.com\/tr\/4-istasyonlu-kaliplar\/#primaryimage"},"thumbnailUrl":"https:\/\/www.doganaymould.com\/wp-content\/uploads\/2025\/11\/1-3.jpg","datePublished":"2025-11-14T07:51:41+00:00","dateModified":"2026-01-06T07:25:58+00:00","description":"4 istasyonlu termoform kal\u0131plar ile maksimum h\u0131z ve \u00fcretim verimlili\u011fi. IMC uyumlu ileri m\u00fchendislik \u00e7\u00f6z\u00fcmleri.","breadcrumb":{"@id":"https:\/\/www.doganaymould.com\/tr\/4-istasyonlu-kaliplar\/#breadcrumb"},"inLanguage":"tr","potentialAction":[{"@type":"ReadAction","target":["https:\/\/www.doganaymould.com\/tr\/4-istasyonlu-kaliplar\/"]}]},{"@type":"ImageObject","inLanguage":"tr","@id":"https:\/\/www.doganaymould.com\/tr\/4-istasyonlu-kaliplar\/#primaryimage","url":"https:\/\/www.doganaymould.com\/wp-content\/uploads\/2025\/11\/1-3.jpg","contentUrl":"https:\/\/www.doganaymould.com\/wp-content\/uploads\/2025\/11\/1-3.jpg","width":325,"height":327},{"@type":"BreadcrumbList","@id":"https:\/\/www.doganaymould.com\/tr\/4-istasyonlu-kaliplar\/#breadcrumb","itemListElement":[{"@type":"ListItem","position":1,"name":"Home","item":"https:\/\/www.doganaymould.com\/tr\/"},{"@type":"ListItem","position":2,"name":"Termoform \u00c7\u00f6z\u00fcmleri","item":"https:\/\/www.doganaymould.com\/tr\/terform-cozumleri\/"},{"@type":"ListItem","position":3,"name":"4 \u0130stasyonlu Kal\u0131plar"}]},{"@type":"WebSite","@id":"https:\/\/www.doganaymould.com\/tr\/#website","url":"https:\/\/www.doganaymould.com\/tr\/","name":"Doganay Mould","description":"","potentialAction":[{"@type":"SearchAction","target":{"@type":"EntryPoint","urlTemplate":"https:\/\/www.doganaymould.com\/tr\/?s={search_term_string}"},"query-input":{"@type":"PropertyValueSpecification","valueRequired":true,"valueName":"search_term_string"}}],"inLanguage":"tr"}]}},"_links":{"self":[{"href":"https:\/\/www.doganaymould.com\/tr\/wp-json\/wp\/v2\/pages\/281","targetHints":{"allow":["GET"]}}],"collection":[{"href":"https:\/\/www.doganaymould.com\/tr\/wp-json\/wp\/v2\/pages"}],"about":[{"href":"https:\/\/www.doganaymould.com\/tr\/wp-json\/wp\/v2\/types\/page"}],"author":[{"embeddable":true,"href":"https:\/\/www.doganaymould.com\/tr\/wp-json\/wp\/v2\/users\/1"}],"replies":[{"embeddable":true,"href":"https:\/\/www.doganaymould.com\/tr\/wp-json\/wp\/v2\/comments?post=281"}],"version-history":[{"count":2,"href":"https:\/\/www.doganaymould.com\/tr\/wp-json\/wp\/v2\/pages\/281\/revisions"}],"predecessor-version":[{"id":359,"href":"https:\/\/www.doganaymould.com\/tr\/wp-json\/wp\/v2\/pages\/281\/revisions\/359"}],"up":[{"embeddable":true,"href":"https:\/\/www.doganaymould.com\/tr\/wp-json\/wp\/v2\/pages\/275"}],"wp:featuredmedia":[{"embeddable":true,"href":"https:\/\/www.doganaymould.com\/tr\/wp-json\/wp\/v2\/media\/313"}],"wp:attachment":[{"href":"https:\/\/www.doganaymould.com\/tr\/wp-json\/wp\/v2\/media?parent=281"}],"curies":[{"name":"wp","href":"https:\/\/api.w.org\/{rel}","templated":true}]}}