{"id":283,"date":"2025-11-14T10:55:35","date_gmt":"2025-11-14T07:55:35","guid":{"rendered":"https:\/\/www.doganaymould.com\/thermoforming-mould\/imc\/"},"modified":"2026-01-06T10:28:06","modified_gmt":"2026-01-06T07:28:06","slug":"imc","status":"publish","type":"page","link":"https:\/\/www.doganaymould.com\/tr\/imc\/","title":{"rendered":"IMC"},"content":{"rendered":"<p>Do\u011fanay Mould, \u00e7e\u015fitli sekt\u00f6rlerin \u00f6zel ihtiya\u00e7lar\u0131n\u0131 kar\u015f\u0131layan y\u00fcksek kaliteli termoform \u00e7\u00f6z\u00fcmleri \u00fcretiminde uzmanla\u015fm\u0131\u015ft\u0131r. \u015eirketimiz, hassasiyet ve m\u00fckemmelli\u011fe adanm\u0131\u015f yetenekli m\u00fchendisler ve deneyimli uzmanlardan olu\u015fan bir ekiple gurur duymaktad\u0131r. Her termoform kal\u0131b\u0131, detaylara dikkat edilerek ve kaliteye ba\u011fl\u0131 kal\u0131narak \u00fcretilir ve bu da sa\u011flam ve verimli bir \u00fcretim s\u00fcreci sa\u011flar.<\/p>\n","protected":false},"excerpt":{"rendered":"<p>Do\u011fanay Mould, \u00e7e\u015fitli sekt\u00f6rlerin \u00f6zel ihtiya\u00e7lar\u0131n\u0131 kar\u015f\u0131layan&#8230;<\/p>\n","protected":false},"author":1,"featured_media":316,"parent":275,"menu_order":0,"comment_status":"closed","ping_status":"closed","template":"page-product-list-2.php","meta":{"_acf_changed":false,"inline_featured_image":false,"footnotes":""},"class_list":["post-283","page","type-page","status-publish","has-post-thumbnail","hentry"],"acf":[],"yoast_head":"<!-- This site is optimized with the Yoast SEO plugin v26.6 - https:\/\/yoast.com\/wordpress\/plugins\/seo\/ -->\n<title>IMC Termoform Kal\u0131plar\u0131 | Doganay Mould<\/title>\n<meta name=\"description\" content=\"IMC termoform kal\u0131plar\u0131 ile y\u00fcksek h\u0131z, hassasiyet ve \u00fcretim verimlili\u011fi. G\u0131da ambalaj\u0131 \u00fcretimi i\u00e7in ileri m\u00fchendislik \u00e7\u00f6z\u00fcmleri.\" \/>\n<meta name=\"robots\" content=\"index, follow, max-snippet:-1, max-image-preview:large, max-video-preview:-1\" \/>\n<link rel=\"canonical\" href=\"https:\/\/www.doganaymould.com\/tr\/imc\/\" \/>\n<meta property=\"og:locale\" content=\"tr_TR\" \/>\n<meta property=\"og:type\" content=\"article\" \/>\n<meta property=\"og:title\" content=\"IMC Termoform Kal\u0131plar\u0131 | Doganay Mould\" \/>\n<meta property=\"og:description\" content=\"IMC termoform kal\u0131plar\u0131 ile y\u00fcksek h\u0131z, hassasiyet ve \u00fcretim verimlili\u011fi. G\u0131da ambalaj\u0131 \u00fcretimi i\u00e7in ileri m\u00fchendislik \u00e7\u00f6z\u00fcmleri.\" \/>\n<meta property=\"og:url\" content=\"https:\/\/www.doganaymould.com\/tr\/imc\/\" \/>\n<meta property=\"og:site_name\" content=\"Doganay Mould\" \/>\n<meta property=\"article:modified_time\" content=\"2026-01-06T07:28:06+00:00\" \/>\n<meta property=\"og:image\" content=\"https:\/\/www.doganaymould.com\/wp-content\/uploads\/2025\/11\/3-1.jpg\" \/>\n\t<meta property=\"og:image:width\" content=\"812\" \/>\n\t<meta property=\"og:image:height\" content=\"817\" \/>\n\t<meta property=\"og:image:type\" content=\"image\/jpeg\" \/>\n<meta name=\"twitter:card\" content=\"summary_large_image\" \/>\n<meta name=\"twitter:label1\" content=\"Tahmini okuma s\u00fcresi\" \/>\n\t<meta name=\"twitter:data1\" content=\"1 dakika\" \/>\n<script type=\"application\/ld+json\" class=\"yoast-schema-graph\">{\"@context\":\"https:\/\/schema.org\",\"@graph\":[{\"@type\":\"WebPage\",\"@id\":\"https:\/\/www.doganaymould.com\/tr\/imc\/\",\"url\":\"https:\/\/www.doganaymould.com\/tr\/imc\/\",\"name\":\"IMC Termoform Kal\u0131plar\u0131 | Doganay Mould\",\"isPartOf\":{\"@id\":\"https:\/\/www.doganaymould.com\/tr\/#website\"},\"primaryImageOfPage\":{\"@id\":\"https:\/\/www.doganaymould.com\/tr\/imc\/#primaryimage\"},\"image\":{\"@id\":\"https:\/\/www.doganaymould.com\/tr\/imc\/#primaryimage\"},\"thumbnailUrl\":\"https:\/\/www.doganaymould.com\/wp-content\/uploads\/2025\/11\/3-1.jpg\",\"datePublished\":\"2025-11-14T07:55:35+00:00\",\"dateModified\":\"2026-01-06T07:28:06+00:00\",\"description\":\"IMC termoform kal\u0131plar\u0131 ile y\u00fcksek h\u0131z, hassasiyet ve \u00fcretim verimlili\u011fi. G\u0131da ambalaj\u0131 \u00fcretimi i\u00e7in ileri m\u00fchendislik \u00e7\u00f6z\u00fcmleri.\",\"breadcrumb\":{\"@id\":\"https:\/\/www.doganaymould.com\/tr\/imc\/#breadcrumb\"},\"inLanguage\":\"tr\",\"potentialAction\":[{\"@type\":\"ReadAction\",\"target\":[\"https:\/\/www.doganaymould.com\/tr\/imc\/\"]}]},{\"@type\":\"ImageObject\",\"inLanguage\":\"tr\",\"@id\":\"https:\/\/www.doganaymould.com\/tr\/imc\/#primaryimage\",\"url\":\"https:\/\/www.doganaymould.com\/wp-content\/uploads\/2025\/11\/3-1.jpg\",\"contentUrl\":\"https:\/\/www.doganaymould.com\/wp-content\/uploads\/2025\/11\/3-1.jpg\",\"width\":812,\"height\":817},{\"@type\":\"BreadcrumbList\",\"@id\":\"https:\/\/www.doganaymould.com\/tr\/imc\/#breadcrumb\",\"itemListElement\":[{\"@type\":\"ListItem\",\"position\":1,\"name\":\"Home\",\"item\":\"https:\/\/www.doganaymould.com\/tr\/\"},{\"@type\":\"ListItem\",\"position\":2,\"name\":\"Termoform \u00c7\u00f6z\u00fcmleri\",\"item\":\"https:\/\/www.doganaymould.com\/tr\/terform-cozumleri\/\"},{\"@type\":\"ListItem\",\"position\":3,\"name\":\"IMC\"}]},{\"@type\":\"WebSite\",\"@id\":\"https:\/\/www.doganaymould.com\/tr\/#website\",\"url\":\"https:\/\/www.doganaymould.com\/tr\/\",\"name\":\"Doganay Mould\",\"description\":\"\",\"potentialAction\":[{\"@type\":\"SearchAction\",\"target\":{\"@type\":\"EntryPoint\",\"urlTemplate\":\"https:\/\/www.doganaymould.com\/tr\/?s={search_term_string}\"},\"query-input\":{\"@type\":\"PropertyValueSpecification\",\"valueRequired\":true,\"valueName\":\"search_term_string\"}}],\"inLanguage\":\"tr\"}]}<\/script>\n<!-- \/ Yoast SEO plugin. -->","yoast_head_json":{"title":"IMC Termoform Kal\u0131plar\u0131 | Doganay Mould","description":"IMC termoform kal\u0131plar\u0131 ile y\u00fcksek h\u0131z, hassasiyet ve \u00fcretim verimlili\u011fi. G\u0131da ambalaj\u0131 \u00fcretimi i\u00e7in ileri m\u00fchendislik \u00e7\u00f6z\u00fcmleri.","robots":{"index":"index","follow":"follow","max-snippet":"max-snippet:-1","max-image-preview":"max-image-preview:large","max-video-preview":"max-video-preview:-1"},"canonical":"https:\/\/www.doganaymould.com\/tr\/imc\/","og_locale":"tr_TR","og_type":"article","og_title":"IMC Termoform Kal\u0131plar\u0131 | Doganay Mould","og_description":"IMC termoform kal\u0131plar\u0131 ile y\u00fcksek h\u0131z, hassasiyet ve \u00fcretim verimlili\u011fi. G\u0131da ambalaj\u0131 \u00fcretimi i\u00e7in ileri m\u00fchendislik \u00e7\u00f6z\u00fcmleri.","og_url":"https:\/\/www.doganaymould.com\/tr\/imc\/","og_site_name":"Doganay Mould","article_modified_time":"2026-01-06T07:28:06+00:00","og_image":[{"width":812,"height":817,"url":"https:\/\/www.doganaymould.com\/wp-content\/uploads\/2025\/11\/3-1.jpg","type":"image\/jpeg"}],"twitter_card":"summary_large_image","twitter_misc":{"Tahmini okuma s\u00fcresi":"1 dakika"},"schema":{"@context":"https:\/\/schema.org","@graph":[{"@type":"WebPage","@id":"https:\/\/www.doganaymould.com\/tr\/imc\/","url":"https:\/\/www.doganaymould.com\/tr\/imc\/","name":"IMC Termoform Kal\u0131plar\u0131 | Doganay Mould","isPartOf":{"@id":"https:\/\/www.doganaymould.com\/tr\/#website"},"primaryImageOfPage":{"@id":"https:\/\/www.doganaymould.com\/tr\/imc\/#primaryimage"},"image":{"@id":"https:\/\/www.doganaymould.com\/tr\/imc\/#primaryimage"},"thumbnailUrl":"https:\/\/www.doganaymould.com\/wp-content\/uploads\/2025\/11\/3-1.jpg","datePublished":"2025-11-14T07:55:35+00:00","dateModified":"2026-01-06T07:28:06+00:00","description":"IMC termoform kal\u0131plar\u0131 ile y\u00fcksek h\u0131z, hassasiyet ve \u00fcretim verimlili\u011fi. G\u0131da ambalaj\u0131 \u00fcretimi i\u00e7in ileri m\u00fchendislik \u00e7\u00f6z\u00fcmleri.","breadcrumb":{"@id":"https:\/\/www.doganaymould.com\/tr\/imc\/#breadcrumb"},"inLanguage":"tr","potentialAction":[{"@type":"ReadAction","target":["https:\/\/www.doganaymould.com\/tr\/imc\/"]}]},{"@type":"ImageObject","inLanguage":"tr","@id":"https:\/\/www.doganaymould.com\/tr\/imc\/#primaryimage","url":"https:\/\/www.doganaymould.com\/wp-content\/uploads\/2025\/11\/3-1.jpg","contentUrl":"https:\/\/www.doganaymould.com\/wp-content\/uploads\/2025\/11\/3-1.jpg","width":812,"height":817},{"@type":"BreadcrumbList","@id":"https:\/\/www.doganaymould.com\/tr\/imc\/#breadcrumb","itemListElement":[{"@type":"ListItem","position":1,"name":"Home","item":"https:\/\/www.doganaymould.com\/tr\/"},{"@type":"ListItem","position":2,"name":"Termoform \u00c7\u00f6z\u00fcmleri","item":"https:\/\/www.doganaymould.com\/tr\/terform-cozumleri\/"},{"@type":"ListItem","position":3,"name":"IMC"}]},{"@type":"WebSite","@id":"https:\/\/www.doganaymould.com\/tr\/#website","url":"https:\/\/www.doganaymould.com\/tr\/","name":"Doganay Mould","description":"","potentialAction":[{"@type":"SearchAction","target":{"@type":"EntryPoint","urlTemplate":"https:\/\/www.doganaymould.com\/tr\/?s={search_term_string}"},"query-input":{"@type":"PropertyValueSpecification","valueRequired":true,"valueName":"search_term_string"}}],"inLanguage":"tr"}]}},"_links":{"self":[{"href":"https:\/\/www.doganaymould.com\/tr\/wp-json\/wp\/v2\/pages\/283","targetHints":{"allow":["GET"]}}],"collection":[{"href":"https:\/\/www.doganaymould.com\/tr\/wp-json\/wp\/v2\/pages"}],"about":[{"href":"https:\/\/www.doganaymould.com\/tr\/wp-json\/wp\/v2\/types\/page"}],"author":[{"embeddable":true,"href":"https:\/\/www.doganaymould.com\/tr\/wp-json\/wp\/v2\/users\/1"}],"replies":[{"embeddable":true,"href":"https:\/\/www.doganaymould.com\/tr\/wp-json\/wp\/v2\/comments?post=283"}],"version-history":[{"count":2,"href":"https:\/\/www.doganaymould.com\/tr\/wp-json\/wp\/v2\/pages\/283\/revisions"}],"predecessor-version":[{"id":360,"href":"https:\/\/www.doganaymould.com\/tr\/wp-json\/wp\/v2\/pages\/283\/revisions\/360"}],"up":[{"embeddable":true,"href":"https:\/\/www.doganaymould.com\/tr\/wp-json\/wp\/v2\/pages\/275"}],"wp:featuredmedia":[{"embeddable":true,"href":"https:\/\/www.doganaymould.com\/tr\/wp-json\/wp\/v2\/media\/316"}],"wp:attachment":[{"href":"https:\/\/www.doganaymould.com\/tr\/wp-json\/wp\/v2\/media?parent=283"}],"curies":[{"name":"wp","href":"https:\/\/api.w.org\/{rel}","templated":true}]}}