{"id":290,"date":"2025-11-14T10:50:27","date_gmt":"2025-11-14T07:50:27","guid":{"rendered":"https:\/\/www.doganaymould.com\/thermoforming-mould\/3-station-moulds\/500-750-1000-gr-clamshell\/"},"modified":"2026-01-06T10:25:16","modified_gmt":"2026-01-06T07:25:16","slug":"500-750-1000-gr-clamshell","status":"publish","type":"page","link":"https:\/\/www.doganaymould.com\/tr\/thermoforming-mould\/3-station-moulds\/500-750-1000-gr-clamshell\/","title":{"rendered":"500-750-1000 gr Clamshell"},"content":{"rendered":"<h4>GENEL \u00d6ZELL\u0130KLER<\/h4>\n","protected":false},"excerpt":{"rendered":"<p>GENEL \u00d6ZELL\u0130KLER<\/p>\n","protected":false},"author":1,"featured_media":288,"parent":279,"menu_order":0,"comment_status":"closed","ping_status":"closed","template":"page-product-detail.php","meta":{"_acf_changed":false,"inline_featured_image":false,"footnotes":""},"class_list":["post-290","page","type-page","status-publish","has-post-thumbnail","hentry"],"acf":[],"yoast_head":"<!-- This site is optimized with the Yoast SEO plugin v26.6 - https:\/\/yoast.com\/wordpress\/plugins\/seo\/ -->\n<title>500-750-1000 gr Clamshell - Doganay Mould<\/title>\n<meta name=\"description\" content=\"500\u2013750\u20131000 gr clamshell termoform kal\u0131plar\u0131 ile hassas ve s\u00fcrd\u00fcr\u00fclebilir ambalaj \u00fcretimi. IMC uyumlu kal\u0131p \u00e7\u00f6z\u00fcmleri.\" \/>\n<meta name=\"robots\" content=\"index, follow, max-snippet:-1, max-image-preview:large, max-video-preview:-1\" \/>\n<link rel=\"canonical\" href=\"https:\/\/www.doganaymould.com\/tr\/thermoforming-mould\/3-station-moulds\/500-750-1000-gr-clamshell\/\" \/>\n<meta property=\"og:locale\" content=\"tr_TR\" \/>\n<meta property=\"og:type\" content=\"article\" \/>\n<meta property=\"og:title\" content=\"500-750-1000 gr Clamshell - Doganay Mould\" \/>\n<meta property=\"og:description\" content=\"500\u2013750\u20131000 gr clamshell termoform kal\u0131plar\u0131 ile hassas ve s\u00fcrd\u00fcr\u00fclebilir ambalaj \u00fcretimi. IMC uyumlu kal\u0131p \u00e7\u00f6z\u00fcmleri.\" \/>\n<meta property=\"og:url\" content=\"https:\/\/www.doganaymould.com\/tr\/thermoforming-mould\/3-station-moulds\/500-750-1000-gr-clamshell\/\" \/>\n<meta property=\"og:site_name\" content=\"Doganay Mould\" \/>\n<meta property=\"article:modified_time\" content=\"2026-01-06T07:25:16+00:00\" \/>\n<meta property=\"og:image\" content=\"https:\/\/www.doganaymould.com\/wp-content\/uploads\/2025\/11\/4.jpg\" \/>\n\t<meta property=\"og:image:width\" content=\"325\" \/>\n\t<meta property=\"og:image:height\" content=\"327\" \/>\n\t<meta property=\"og:image:type\" content=\"image\/jpeg\" \/>\n<meta name=\"twitter:card\" content=\"summary_large_image\" \/>\n<meta name=\"twitter:label1\" content=\"Tahmini okuma s\u00fcresi\" \/>\n\t<meta name=\"twitter:data1\" content=\"1 dakika\" \/>\n<script type=\"application\/ld+json\" class=\"yoast-schema-graph\">{\"@context\":\"https:\/\/schema.org\",\"@graph\":[{\"@type\":\"WebPage\",\"@id\":\"https:\/\/www.doganaymould.com\/tr\/thermoforming-mould\/3-station-moulds\/500-750-1000-gr-clamshell\/\",\"url\":\"https:\/\/www.doganaymould.com\/tr\/thermoforming-mould\/3-station-moulds\/500-750-1000-gr-clamshell\/\",\"name\":\"500-750-1000 gr Clamshell - Doganay Mould\",\"isPartOf\":{\"@id\":\"https:\/\/www.doganaymould.com\/tr\/#website\"},\"primaryImageOfPage\":{\"@id\":\"https:\/\/www.doganaymould.com\/tr\/thermoforming-mould\/3-station-moulds\/500-750-1000-gr-clamshell\/#primaryimage\"},\"image\":{\"@id\":\"https:\/\/www.doganaymould.com\/tr\/thermoforming-mould\/3-station-moulds\/500-750-1000-gr-clamshell\/#primaryimage\"},\"thumbnailUrl\":\"https:\/\/www.doganaymould.com\/wp-content\/uploads\/2025\/11\/4.jpg\",\"datePublished\":\"2025-11-14T07:50:27+00:00\",\"dateModified\":\"2026-01-06T07:25:16+00:00\",\"description\":\"500\u2013750\u20131000 gr clamshell termoform kal\u0131plar\u0131 ile hassas ve s\u00fcrd\u00fcr\u00fclebilir ambalaj \u00fcretimi. IMC uyumlu kal\u0131p \u00e7\u00f6z\u00fcmleri.\",\"breadcrumb\":{\"@id\":\"https:\/\/www.doganaymould.com\/tr\/thermoforming-mould\/3-station-moulds\/500-750-1000-gr-clamshell\/#breadcrumb\"},\"inLanguage\":\"tr\",\"potentialAction\":[{\"@type\":\"ReadAction\",\"target\":[\"https:\/\/www.doganaymould.com\/tr\/thermoforming-mould\/3-station-moulds\/500-750-1000-gr-clamshell\/\"]}]},{\"@type\":\"ImageObject\",\"inLanguage\":\"tr\",\"@id\":\"https:\/\/www.doganaymould.com\/tr\/thermoforming-mould\/3-station-moulds\/500-750-1000-gr-clamshell\/#primaryimage\",\"url\":\"https:\/\/www.doganaymould.com\/wp-content\/uploads\/2025\/11\/4.jpg\",\"contentUrl\":\"https:\/\/www.doganaymould.com\/wp-content\/uploads\/2025\/11\/4.jpg\",\"width\":325,\"height\":327},{\"@type\":\"BreadcrumbList\",\"@id\":\"https:\/\/www.doganaymould.com\/tr\/thermoforming-mould\/3-station-moulds\/500-750-1000-gr-clamshell\/#breadcrumb\",\"itemListElement\":[{\"@type\":\"ListItem\",\"position\":1,\"name\":\"Home\",\"item\":\"https:\/\/www.doganaymould.com\/tr\/\"},{\"@type\":\"ListItem\",\"position\":2,\"name\":\"Termoform \u00c7\u00f6z\u00fcmleri\",\"item\":\"https:\/\/www.doganaymould.com\/tr\/terform-cozumleri\/\"},{\"@type\":\"ListItem\",\"position\":3,\"name\":\"3 \u0130stasyonlu Kal\u0131plar\",\"item\":\"https:\/\/www.doganaymould.com\/tr\/3-istasyonlu-kaliplar\/\"},{\"@type\":\"ListItem\",\"position\":4,\"name\":\"500-750-1000 gr Clamshell\"}]},{\"@type\":\"WebSite\",\"@id\":\"https:\/\/www.doganaymould.com\/tr\/#website\",\"url\":\"https:\/\/www.doganaymould.com\/tr\/\",\"name\":\"Doganay Mould\",\"description\":\"\",\"potentialAction\":[{\"@type\":\"SearchAction\",\"target\":{\"@type\":\"EntryPoint\",\"urlTemplate\":\"https:\/\/www.doganaymould.com\/tr\/?s={search_term_string}\"},\"query-input\":{\"@type\":\"PropertyValueSpecification\",\"valueRequired\":true,\"valueName\":\"search_term_string\"}}],\"inLanguage\":\"tr\"}]}<\/script>\n<!-- \/ Yoast SEO plugin. -->","yoast_head_json":{"title":"500-750-1000 gr Clamshell - Doganay Mould","description":"500\u2013750\u20131000 gr clamshell termoform kal\u0131plar\u0131 ile hassas ve s\u00fcrd\u00fcr\u00fclebilir ambalaj \u00fcretimi. IMC uyumlu kal\u0131p \u00e7\u00f6z\u00fcmleri.","robots":{"index":"index","follow":"follow","max-snippet":"max-snippet:-1","max-image-preview":"max-image-preview:large","max-video-preview":"max-video-preview:-1"},"canonical":"https:\/\/www.doganaymould.com\/tr\/thermoforming-mould\/3-station-moulds\/500-750-1000-gr-clamshell\/","og_locale":"tr_TR","og_type":"article","og_title":"500-750-1000 gr Clamshell - Doganay Mould","og_description":"500\u2013750\u20131000 gr clamshell termoform kal\u0131plar\u0131 ile hassas ve s\u00fcrd\u00fcr\u00fclebilir ambalaj \u00fcretimi. IMC uyumlu kal\u0131p \u00e7\u00f6z\u00fcmleri.","og_url":"https:\/\/www.doganaymould.com\/tr\/thermoforming-mould\/3-station-moulds\/500-750-1000-gr-clamshell\/","og_site_name":"Doganay Mould","article_modified_time":"2026-01-06T07:25:16+00:00","og_image":[{"width":325,"height":327,"url":"https:\/\/www.doganaymould.com\/wp-content\/uploads\/2025\/11\/4.jpg","type":"image\/jpeg"}],"twitter_card":"summary_large_image","twitter_misc":{"Tahmini okuma s\u00fcresi":"1 dakika"},"schema":{"@context":"https:\/\/schema.org","@graph":[{"@type":"WebPage","@id":"https:\/\/www.doganaymould.com\/tr\/thermoforming-mould\/3-station-moulds\/500-750-1000-gr-clamshell\/","url":"https:\/\/www.doganaymould.com\/tr\/thermoforming-mould\/3-station-moulds\/500-750-1000-gr-clamshell\/","name":"500-750-1000 gr Clamshell - Doganay Mould","isPartOf":{"@id":"https:\/\/www.doganaymould.com\/tr\/#website"},"primaryImageOfPage":{"@id":"https:\/\/www.doganaymould.com\/tr\/thermoforming-mould\/3-station-moulds\/500-750-1000-gr-clamshell\/#primaryimage"},"image":{"@id":"https:\/\/www.doganaymould.com\/tr\/thermoforming-mould\/3-station-moulds\/500-750-1000-gr-clamshell\/#primaryimage"},"thumbnailUrl":"https:\/\/www.doganaymould.com\/wp-content\/uploads\/2025\/11\/4.jpg","datePublished":"2025-11-14T07:50:27+00:00","dateModified":"2026-01-06T07:25:16+00:00","description":"500\u2013750\u20131000 gr clamshell termoform kal\u0131plar\u0131 ile hassas ve s\u00fcrd\u00fcr\u00fclebilir ambalaj \u00fcretimi. IMC uyumlu kal\u0131p \u00e7\u00f6z\u00fcmleri.","breadcrumb":{"@id":"https:\/\/www.doganaymould.com\/tr\/thermoforming-mould\/3-station-moulds\/500-750-1000-gr-clamshell\/#breadcrumb"},"inLanguage":"tr","potentialAction":[{"@type":"ReadAction","target":["https:\/\/www.doganaymould.com\/tr\/thermoforming-mould\/3-station-moulds\/500-750-1000-gr-clamshell\/"]}]},{"@type":"ImageObject","inLanguage":"tr","@id":"https:\/\/www.doganaymould.com\/tr\/thermoforming-mould\/3-station-moulds\/500-750-1000-gr-clamshell\/#primaryimage","url":"https:\/\/www.doganaymould.com\/wp-content\/uploads\/2025\/11\/4.jpg","contentUrl":"https:\/\/www.doganaymould.com\/wp-content\/uploads\/2025\/11\/4.jpg","width":325,"height":327},{"@type":"BreadcrumbList","@id":"https:\/\/www.doganaymould.com\/tr\/thermoforming-mould\/3-station-moulds\/500-750-1000-gr-clamshell\/#breadcrumb","itemListElement":[{"@type":"ListItem","position":1,"name":"Home","item":"https:\/\/www.doganaymould.com\/tr\/"},{"@type":"ListItem","position":2,"name":"Termoform \u00c7\u00f6z\u00fcmleri","item":"https:\/\/www.doganaymould.com\/tr\/terform-cozumleri\/"},{"@type":"ListItem","position":3,"name":"3 \u0130stasyonlu Kal\u0131plar","item":"https:\/\/www.doganaymould.com\/tr\/3-istasyonlu-kaliplar\/"},{"@type":"ListItem","position":4,"name":"500-750-1000 gr Clamshell"}]},{"@type":"WebSite","@id":"https:\/\/www.doganaymould.com\/tr\/#website","url":"https:\/\/www.doganaymould.com\/tr\/","name":"Doganay Mould","description":"","potentialAction":[{"@type":"SearchAction","target":{"@type":"EntryPoint","urlTemplate":"https:\/\/www.doganaymould.com\/tr\/?s={search_term_string}"},"query-input":{"@type":"PropertyValueSpecification","valueRequired":true,"valueName":"search_term_string"}}],"inLanguage":"tr"}]}},"_links":{"self":[{"href":"https:\/\/www.doganaymould.com\/tr\/wp-json\/wp\/v2\/pages\/290","targetHints":{"allow":["GET"]}}],"collection":[{"href":"https:\/\/www.doganaymould.com\/tr\/wp-json\/wp\/v2\/pages"}],"about":[{"href":"https:\/\/www.doganaymould.com\/tr\/wp-json\/wp\/v2\/types\/page"}],"author":[{"embeddable":true,"href":"https:\/\/www.doganaymould.com\/tr\/wp-json\/wp\/v2\/users\/1"}],"replies":[{"embeddable":true,"href":"https:\/\/www.doganaymould.com\/tr\/wp-json\/wp\/v2\/comments?post=290"}],"version-history":[{"count":1,"href":"https:\/\/www.doganaymould.com\/tr\/wp-json\/wp\/v2\/pages\/290\/revisions"}],"predecessor-version":[{"id":291,"href":"https:\/\/www.doganaymould.com\/tr\/wp-json\/wp\/v2\/pages\/290\/revisions\/291"}],"up":[{"embeddable":true,"href":"https:\/\/www.doganaymould.com\/tr\/wp-json\/wp\/v2\/pages\/279"}],"wp:featuredmedia":[{"embeddable":true,"href":"https:\/\/www.doganaymould.com\/tr\/wp-json\/wp\/v2\/media\/288"}],"wp:attachment":[{"href":"https:\/\/www.doganaymould.com\/tr\/wp-json\/wp\/v2\/media?parent=290"}],"curies":[{"name":"wp","href":"https:\/\/api.w.org\/{rel}","templated":true}]}}