{"id":315,"date":"2025-11-14T10:56:21","date_gmt":"2025-11-14T07:56:21","guid":{"rendered":"https:\/\/www.doganaymould.com\/thermoforming-mould\/imc\/o170-mm-plate-mould\/"},"modified":"2026-01-06T10:26:44","modified_gmt":"2026-01-06T07:26:44","slug":"o170-mm-plate-mould","status":"publish","type":"page","link":"https:\/\/www.doganaymould.com\/tr\/thermoforming-mould\/imc\/o170-mm-tabak-kalibi\/","title":{"rendered":"\u00d8170 MM TABAK KALIBI"},"content":{"rendered":"<h4>GENEL \u00d6ZELL\u0130KLER<\/h4>\n<ul>\n<li>Kal\u0131p Boyutu<i>940&#215;940 mm<\/i><\/li>\n<li>Sac Boyutu<i>0,25&#215;980 mm<\/i><\/li>\n<li>Malzeme<i>PP<\/i><\/li>\n<li>Bo\u015fluk<i>25<\/i><\/li>\n<\/ul>\n","protected":false},"excerpt":{"rendered":"<p>GENEL \u00d6ZELL\u0130KLER Kal\u0131p Boyutu940&#215;940 mm Sac Boyutu0,25&#215;980&#8230;<\/p>\n","protected":false},"author":1,"featured_media":316,"parent":283,"menu_order":0,"comment_status":"closed","ping_status":"closed","template":"page-product-detail.php","meta":{"_acf_changed":false,"inline_featured_image":false,"footnotes":""},"class_list":["post-315","page","type-page","status-publish","has-post-thumbnail","hentry"],"acf":[],"yoast_head":"<!-- This site is optimized with the Yoast SEO plugin v26.6 - https:\/\/yoast.com\/wordpress\/plugins\/seo\/ -->\n<title>\u00d8170 MM TABAK KALIBI - Doganay Mould<\/title>\n<meta name=\"description\" content=\"\u00d8170 mm tabak termoform kal\u0131plar\u0131. Dayan\u0131kl\u0131, estetik ve y\u00fcksek kapasiteli \u00fcretim i\u00e7in Doganay Mould \u00e7\u00f6z\u00fcmleri.\" \/>\n<meta name=\"robots\" content=\"index, follow, max-snippet:-1, max-image-preview:large, max-video-preview:-1\" \/>\n<link rel=\"canonical\" href=\"https:\/\/www.doganaymould.com\/tr\/thermoforming-mould\/imc\/o170-mm-tabak-kalibi\/\" \/>\n<meta property=\"og:locale\" content=\"tr_TR\" \/>\n<meta property=\"og:type\" content=\"article\" \/>\n<meta property=\"og:title\" content=\"\u00d8170 MM TABAK KALIBI - Doganay Mould\" \/>\n<meta property=\"og:description\" content=\"\u00d8170 mm tabak termoform kal\u0131plar\u0131. Dayan\u0131kl\u0131, estetik ve y\u00fcksek kapasiteli \u00fcretim i\u00e7in Doganay Mould \u00e7\u00f6z\u00fcmleri.\" \/>\n<meta property=\"og:url\" content=\"https:\/\/www.doganaymould.com\/tr\/thermoforming-mould\/imc\/o170-mm-tabak-kalibi\/\" \/>\n<meta property=\"og:site_name\" content=\"Doganay Mould\" \/>\n<meta property=\"article:modified_time\" content=\"2026-01-06T07:26:44+00:00\" \/>\n<meta property=\"og:image\" content=\"https:\/\/www.doganaymould.com\/wp-content\/uploads\/2025\/11\/3-1.jpg\" \/>\n\t<meta property=\"og:image:width\" content=\"812\" \/>\n\t<meta property=\"og:image:height\" content=\"817\" \/>\n\t<meta property=\"og:image:type\" content=\"image\/jpeg\" \/>\n<meta name=\"twitter:card\" content=\"summary_large_image\" \/>\n<meta name=\"twitter:label1\" content=\"Tahmini okuma s\u00fcresi\" \/>\n\t<meta name=\"twitter:data1\" content=\"1 dakika\" \/>\n<script type=\"application\/ld+json\" class=\"yoast-schema-graph\">{\"@context\":\"https:\/\/schema.org\",\"@graph\":[{\"@type\":\"WebPage\",\"@id\":\"https:\/\/www.doganaymould.com\/tr\/thermoforming-mould\/imc\/o170-mm-tabak-kalibi\/\",\"url\":\"https:\/\/www.doganaymould.com\/tr\/thermoforming-mould\/imc\/o170-mm-tabak-kalibi\/\",\"name\":\"\u00d8170 MM TABAK KALIBI - Doganay Mould\",\"isPartOf\":{\"@id\":\"https:\/\/www.doganaymould.com\/tr\/#website\"},\"primaryImageOfPage\":{\"@id\":\"https:\/\/www.doganaymould.com\/tr\/thermoforming-mould\/imc\/o170-mm-tabak-kalibi\/#primaryimage\"},\"image\":{\"@id\":\"https:\/\/www.doganaymould.com\/tr\/thermoforming-mould\/imc\/o170-mm-tabak-kalibi\/#primaryimage\"},\"thumbnailUrl\":\"https:\/\/www.doganaymould.com\/wp-content\/uploads\/2025\/11\/3-1.jpg\",\"datePublished\":\"2025-11-14T07:56:21+00:00\",\"dateModified\":\"2026-01-06T07:26:44+00:00\",\"description\":\"\u00d8170 mm tabak termoform kal\u0131plar\u0131. Dayan\u0131kl\u0131, estetik ve y\u00fcksek kapasiteli \u00fcretim i\u00e7in Doganay Mould \u00e7\u00f6z\u00fcmleri.\",\"breadcrumb\":{\"@id\":\"https:\/\/www.doganaymould.com\/tr\/thermoforming-mould\/imc\/o170-mm-tabak-kalibi\/#breadcrumb\"},\"inLanguage\":\"tr\",\"potentialAction\":[{\"@type\":\"ReadAction\",\"target\":[\"https:\/\/www.doganaymould.com\/tr\/thermoforming-mould\/imc\/o170-mm-tabak-kalibi\/\"]}]},{\"@type\":\"ImageObject\",\"inLanguage\":\"tr\",\"@id\":\"https:\/\/www.doganaymould.com\/tr\/thermoforming-mould\/imc\/o170-mm-tabak-kalibi\/#primaryimage\",\"url\":\"https:\/\/www.doganaymould.com\/wp-content\/uploads\/2025\/11\/3-1.jpg\",\"contentUrl\":\"https:\/\/www.doganaymould.com\/wp-content\/uploads\/2025\/11\/3-1.jpg\",\"width\":812,\"height\":817},{\"@type\":\"BreadcrumbList\",\"@id\":\"https:\/\/www.doganaymould.com\/tr\/thermoforming-mould\/imc\/o170-mm-tabak-kalibi\/#breadcrumb\",\"itemListElement\":[{\"@type\":\"ListItem\",\"position\":1,\"name\":\"Home\",\"item\":\"https:\/\/www.doganaymould.com\/tr\/\"},{\"@type\":\"ListItem\",\"position\":2,\"name\":\"Termoform \u00c7\u00f6z\u00fcmleri\",\"item\":\"https:\/\/www.doganaymould.com\/tr\/terform-cozumleri\/\"},{\"@type\":\"ListItem\",\"position\":3,\"name\":\"IMC\",\"item\":\"https:\/\/www.doganaymould.com\/tr\/imc\/\"},{\"@type\":\"ListItem\",\"position\":4,\"name\":\"\u00d8170 MM TABAK KALIBI\"}]},{\"@type\":\"WebSite\",\"@id\":\"https:\/\/www.doganaymould.com\/tr\/#website\",\"url\":\"https:\/\/www.doganaymould.com\/tr\/\",\"name\":\"Doganay Mould\",\"description\":\"\",\"potentialAction\":[{\"@type\":\"SearchAction\",\"target\":{\"@type\":\"EntryPoint\",\"urlTemplate\":\"https:\/\/www.doganaymould.com\/tr\/?s={search_term_string}\"},\"query-input\":{\"@type\":\"PropertyValueSpecification\",\"valueRequired\":true,\"valueName\":\"search_term_string\"}}],\"inLanguage\":\"tr\"}]}<\/script>\n<!-- \/ Yoast SEO plugin. -->","yoast_head_json":{"title":"\u00d8170 MM TABAK KALIBI - Doganay Mould","description":"\u00d8170 mm tabak termoform kal\u0131plar\u0131. Dayan\u0131kl\u0131, estetik ve y\u00fcksek kapasiteli \u00fcretim i\u00e7in Doganay Mould \u00e7\u00f6z\u00fcmleri.","robots":{"index":"index","follow":"follow","max-snippet":"max-snippet:-1","max-image-preview":"max-image-preview:large","max-video-preview":"max-video-preview:-1"},"canonical":"https:\/\/www.doganaymould.com\/tr\/thermoforming-mould\/imc\/o170-mm-tabak-kalibi\/","og_locale":"tr_TR","og_type":"article","og_title":"\u00d8170 MM TABAK KALIBI - Doganay Mould","og_description":"\u00d8170 mm tabak termoform kal\u0131plar\u0131. Dayan\u0131kl\u0131, estetik ve y\u00fcksek kapasiteli \u00fcretim i\u00e7in Doganay Mould \u00e7\u00f6z\u00fcmleri.","og_url":"https:\/\/www.doganaymould.com\/tr\/thermoforming-mould\/imc\/o170-mm-tabak-kalibi\/","og_site_name":"Doganay Mould","article_modified_time":"2026-01-06T07:26:44+00:00","og_image":[{"width":812,"height":817,"url":"https:\/\/www.doganaymould.com\/wp-content\/uploads\/2025\/11\/3-1.jpg","type":"image\/jpeg"}],"twitter_card":"summary_large_image","twitter_misc":{"Tahmini okuma s\u00fcresi":"1 dakika"},"schema":{"@context":"https:\/\/schema.org","@graph":[{"@type":"WebPage","@id":"https:\/\/www.doganaymould.com\/tr\/thermoforming-mould\/imc\/o170-mm-tabak-kalibi\/","url":"https:\/\/www.doganaymould.com\/tr\/thermoforming-mould\/imc\/o170-mm-tabak-kalibi\/","name":"\u00d8170 MM TABAK KALIBI - Doganay Mould","isPartOf":{"@id":"https:\/\/www.doganaymould.com\/tr\/#website"},"primaryImageOfPage":{"@id":"https:\/\/www.doganaymould.com\/tr\/thermoforming-mould\/imc\/o170-mm-tabak-kalibi\/#primaryimage"},"image":{"@id":"https:\/\/www.doganaymould.com\/tr\/thermoforming-mould\/imc\/o170-mm-tabak-kalibi\/#primaryimage"},"thumbnailUrl":"https:\/\/www.doganaymould.com\/wp-content\/uploads\/2025\/11\/3-1.jpg","datePublished":"2025-11-14T07:56:21+00:00","dateModified":"2026-01-06T07:26:44+00:00","description":"\u00d8170 mm tabak termoform kal\u0131plar\u0131. Dayan\u0131kl\u0131, estetik ve y\u00fcksek kapasiteli \u00fcretim i\u00e7in Doganay Mould \u00e7\u00f6z\u00fcmleri.","breadcrumb":{"@id":"https:\/\/www.doganaymould.com\/tr\/thermoforming-mould\/imc\/o170-mm-tabak-kalibi\/#breadcrumb"},"inLanguage":"tr","potentialAction":[{"@type":"ReadAction","target":["https:\/\/www.doganaymould.com\/tr\/thermoforming-mould\/imc\/o170-mm-tabak-kalibi\/"]}]},{"@type":"ImageObject","inLanguage":"tr","@id":"https:\/\/www.doganaymould.com\/tr\/thermoforming-mould\/imc\/o170-mm-tabak-kalibi\/#primaryimage","url":"https:\/\/www.doganaymould.com\/wp-content\/uploads\/2025\/11\/3-1.jpg","contentUrl":"https:\/\/www.doganaymould.com\/wp-content\/uploads\/2025\/11\/3-1.jpg","width":812,"height":817},{"@type":"BreadcrumbList","@id":"https:\/\/www.doganaymould.com\/tr\/thermoforming-mould\/imc\/o170-mm-tabak-kalibi\/#breadcrumb","itemListElement":[{"@type":"ListItem","position":1,"name":"Home","item":"https:\/\/www.doganaymould.com\/tr\/"},{"@type":"ListItem","position":2,"name":"Termoform \u00c7\u00f6z\u00fcmleri","item":"https:\/\/www.doganaymould.com\/tr\/terform-cozumleri\/"},{"@type":"ListItem","position":3,"name":"IMC","item":"https:\/\/www.doganaymould.com\/tr\/imc\/"},{"@type":"ListItem","position":4,"name":"\u00d8170 MM TABAK KALIBI"}]},{"@type":"WebSite","@id":"https:\/\/www.doganaymould.com\/tr\/#website","url":"https:\/\/www.doganaymould.com\/tr\/","name":"Doganay Mould","description":"","potentialAction":[{"@type":"SearchAction","target":{"@type":"EntryPoint","urlTemplate":"https:\/\/www.doganaymould.com\/tr\/?s={search_term_string}"},"query-input":{"@type":"PropertyValueSpecification","valueRequired":true,"valueName":"search_term_string"}}],"inLanguage":"tr"}]}},"_links":{"self":[{"href":"https:\/\/www.doganaymould.com\/tr\/wp-json\/wp\/v2\/pages\/315","targetHints":{"allow":["GET"]}}],"collection":[{"href":"https:\/\/www.doganaymould.com\/tr\/wp-json\/wp\/v2\/pages"}],"about":[{"href":"https:\/\/www.doganaymould.com\/tr\/wp-json\/wp\/v2\/types\/page"}],"author":[{"embeddable":true,"href":"https:\/\/www.doganaymould.com\/tr\/wp-json\/wp\/v2\/users\/1"}],"replies":[{"embeddable":true,"href":"https:\/\/www.doganaymould.com\/tr\/wp-json\/wp\/v2\/comments?post=315"}],"version-history":[{"count":1,"href":"https:\/\/www.doganaymould.com\/tr\/wp-json\/wp\/v2\/pages\/315\/revisions"}],"predecessor-version":[{"id":317,"href":"https:\/\/www.doganaymould.com\/tr\/wp-json\/wp\/v2\/pages\/315\/revisions\/317"}],"up":[{"embeddable":true,"href":"https:\/\/www.doganaymould.com\/tr\/wp-json\/wp\/v2\/pages\/283"}],"wp:featuredmedia":[{"embeddable":true,"href":"https:\/\/www.doganaymould.com\/tr\/wp-json\/wp\/v2\/media\/316"}],"wp:attachment":[{"href":"https:\/\/www.doganaymould.com\/tr\/wp-json\/wp\/v2\/media?parent=315"}],"curies":[{"name":"wp","href":"https:\/\/api.w.org\/{rel}","templated":true}]}}